{"id":99,"date":"2021-11-23T14:05:52","date_gmt":"2021-11-23T14:05:52","guid":{"rendered":"https:\/\/www.communautedes3rivieres.fr\/?page_id=99"},"modified":"2025-09-02T13:39:57","modified_gmt":"2025-09-02T13:39:57","slug":"travail-a-la-communaute","status":"publish","type":"page","link":"https:\/\/www.communautedes3rivieres.fr\/?page_id=99","title":{"rendered":"Travail \u00e0 la Communaut\u00e9"},"content":{"rendered":"\n<h3 class=\"wp-block-heading\"><strong><em>Introduction<\/em><\/strong><\/h3>\n\n\n\n<p>Pour vivre en partie de leur travail, les personnes accueillies&nbsp;<strong>collectent, trient et valorisent<\/strong>&nbsp;toutes les mati\u00e8res recyclables rejet\u00e9es parce que consid\u00e9r\u00e9es comme &#8220;d\u00e9chets&#8221; ou non utilisables.<img decoding=\"async\" src=\"http:\/\/site.compoz.fr\/communautedes3rivieres\/CMS\/modules\/advanced_text\/w320\/2103823554_1604236449.jpg\" alt=\"\"><\/p>\n\n\n\n<h3 class=\"wp-block-heading\"><em><strong>La collecte<\/strong><\/em><\/h3>\n\n\n\n<p>Notre secteur de collecte s&#8217;\u00e9tend sur une grande partie du Pays Seine et Tille, sur le sud Haute-Marne, sur le Mirebellois ainsi que sur la vall\u00e9e de la Vingeanne. Nous intervenons ponctuellement sur le Dijonnais.<\/p>\n\n\n\n<div class=\"wp-block-media-text alignwide is-stacked-on-mobile is-vertically-aligned-top\" style=\"grid-template-columns:26% auto\"><figure class=\"wp-block-media-text__media\"><img loading=\"lazy\" decoding=\"async\" width=\"478\" height=\"344\" src=\"https:\/\/www.communautedes3rivieres.fr\/wp-content\/uploads\/2021\/12\/colecte-cartons.jpg\" alt=\"\" class=\"wp-image-250 size-full\" srcset=\"https:\/\/www.communautedes3rivieres.fr\/wp-content\/uploads\/2021\/12\/colecte-cartons.jpg 478w, https:\/\/www.communautedes3rivieres.fr\/wp-content\/uploads\/2021\/12\/colecte-cartons-300x216.jpg 300w\" sizes=\"auto, (max-width: 478px) 100vw, 478px\" \/><\/figure><div class=\"wp-block-media-text__content\">\n<p>La collecte s\u2019effectue chez le particulier, le commer\u00e7ant, l\u2019entreprise, lors des ramassages des \u00ab&nbsp;encombrants&nbsp;\u00bb dans les communes qui le demandent.<\/p>\n\n\n\n<ul class=\"wp-block-list\">\n<li>Chez le particulier, sur simple appel t\u00e9l\u00e9phonique, nous nous d\u00e9pla\u00e7ons&nbsp;<strong>gratuitement<\/strong>&nbsp;si ce qui est donn\u00e9 peut-\u00eatre valoris\u00e9*&nbsp;: v\u00eatements, meubles, bibelots, vaisselle, jouets, livres, revues, ferraille.<\/li>\n<\/ul>\n\n\n\n<p>*<strong>A savoir&nbsp;:<\/strong>&nbsp;Nous demandons une prestation de service si nous ne devons faire que du nettoyage ou du d\u00e9barras de d\u00e9chets non valorisables.<\/p>\n\n\n\n<p><\/p>\n<\/div><\/div>\n\n\n\n<p><\/p>\n\n\n\n<ul class=\"wp-block-list\">\n<li>Chez les commer\u00e7ants ou entreprises, nous r\u00e9cup\u00e9rons principalement de la ferraille et des cartons. Des tourn\u00e9es sont organis\u00e9es gratuitement, chaque semaine \u00e0 IS SUR TILLE, MARCILLY SUR TILLE, SELONGEY, MIREBEAU, FONTAINE-FRANCAISE et MESSIGNY.<\/li>\n<\/ul>\n\n\n\n<ul class=\"wp-block-list\">\n<li>Dans les&nbsp;<strong>48 communes<\/strong>&nbsp;qui ont particip\u00e9 financi\u00e8rement aux ramassages des \u00abencombrants&nbsp;\u00bb cette ann\u00e9e, soit&nbsp;<strong>21 690 habitants<\/strong>.<\/li>\n<\/ul>\n\n\n\n<h3 class=\"wp-block-heading\"><strong><em>Le tri<\/em><\/strong><\/h3>\n\n\n\n<p>Le tri s\u2019effectue sur le lieu de travail. Chaque objet est tri\u00e9, test\u00e9 voir r\u00e9par\u00e9 si un compagnon a une comp\u00e9tence particuli\u00e8re, ou d\u00e9mont\u00e9. Ce qui peut-\u00eatre revendu aux particuliers est expos\u00e9 dans le bric \u00e0 brac. Les mati\u00e8res recyclables sont plac\u00e9es dans des bennes et revendues \u00e0 des r\u00e9cup\u00e9rateurs de la r\u00e9gion.<\/p>\n\n\n\n<div class=\"wp-block-media-text alignwide is-stacked-on-mobile\" style=\"grid-template-columns:18% auto\"><figure class=\"wp-block-media-text__media\"><img loading=\"lazy\" decoding=\"async\" width=\"200\" height=\"200\" src=\"https:\/\/www.communautedes3rivieres.fr\/wp-content\/uploads\/2021\/12\/tri2.jpg\" alt=\"\" class=\"wp-image-255 size-full\" srcset=\"https:\/\/www.communautedes3rivieres.fr\/wp-content\/uploads\/2021\/12\/tri2.jpg 200w, https:\/\/www.communautedes3rivieres.fr\/wp-content\/uploads\/2021\/12\/tri2-150x150.jpg 150w\" sizes=\"auto, (max-width: 200px) 100vw, 200px\" \/><\/figure><div class=\"wp-block-media-text__content\">\n<div class=\"wp-block-group\"><div class=\"wp-block-group__inner-container is-layout-flow wp-block-group-is-layout-flow\">\n<div class=\"wp-block-group\"><div class=\"wp-block-group__inner-container is-layout-flow wp-block-group-is-layout-flow\">\n<p>Depuis ao\u00fbt 2008, en partenariat avec le SMOM, tous les appareils (d\u00e9nomm\u00e9s D3E) ayant une prise \u00e9lectrique et tous les jouets fonctionnant  avec une pile sont r\u00e9cup\u00e9r\u00e9s et collect\u00e9s par l\u2019 Association ENVIE de Dijon, puis envoy\u00e9s et d\u00e9mantel\u00e9s dans diff\u00e9rentes fili\u00e8res de recyclages.<\/p>\n\n\n\n<p> Depuis juillet 2016, en partenariat avec&nbsp;<strong>Eco-mobilier<\/strong>, tous les \u00e9l\u00e9ments d&#8217;ameublement sont collect\u00e9s, recycl\u00e9s et valoris\u00e9s. Nous b\u00e9n\u00e9ficions pour ce faire d&#8217;un agr\u00e9ment&nbsp;<strong>ESUS<\/strong>. <\/p>\n<\/div><\/div>\n<\/div><\/div>\n<\/div><\/div>\n\n\n\n<p>Les v\u00eatements non vendus, soit 95% de la masse r\u00e9cup\u00e9r\u00e9e sont mis en sacs et stock\u00e9s pour l&#8217;Association &#8220;<strong>Le lien<\/strong>&#8221; qui se charge de l&#8217;enl\u00e8vement et du recyclage.<\/p>\n\n\n\n<h3 class=\"wp-block-heading\"><strong><em>La valorisation<\/em><\/strong><\/h3>\n\n\n\n<div class=\"wp-block-columns is-layout-flex wp-container-core-columns-is-layout-9d6595d7 wp-block-columns-is-layout-flex\">\n<div class=\"wp-block-column is-layout-flow wp-block-column-is-layout-flow\" style=\"flex-basis:100%\">\n<div class=\"wp-block-columns are-vertically-aligned-top is-layout-flex wp-container-core-columns-is-layout-9d6595d7 wp-block-columns-is-layout-flex\">\n<div class=\"wp-block-column is-layout-flow wp-block-column-is-layout-flow\" style=\"flex-basis:50%\">\n<p>Apr\u00e8s la collecte et le tri, la valorisation se fait gr\u00e2ce :<\/p>\n\n\n\n<ul class=\"wp-block-list\">\n<li>aux mati\u00e8res recyclables revendues,<\/li>\n\n\n\n<li>\u00e0 la vente au bric \u00e0 brac,<\/li>\n\n\n\n<li>aux prestations de services.<\/li>\n<\/ul>\n\n\n\n<p><\/p>\n<\/div>\n<\/div>\n\n\n\n<p><\/p>\n<\/div>\n<\/div>\n\n\n\n<div class=\"wp-block-group\"><div class=\"wp-block-group__inner-container is-layout-flow wp-block-group-is-layout-flow\">\n<div class=\"wp-block-group\"><div class=\"wp-block-group__inner-container is-layout-flow wp-block-group-is-layout-flow\">\n<p><\/p>\n<\/div><\/div>\n<\/div><\/div>\n\n\n\n<p>La valorisation des mati\u00e8res premi\u00e8res recyclables est effectu\u00e9e aupr\u00e8s des partenaires suivants :<\/p>\n\n\n\n<div class=\"wp-block-columns is-layout-flex wp-container-core-columns-is-layout-9d6595d7 wp-block-columns-is-layout-flex\">\n<div class=\"wp-block-column is-layout-flow wp-block-column-is-layout-flow\" style=\"flex-basis:50%\">\n<ul class=\"wp-block-list\">\n<li>le carton et la ferraille&nbsp;&nbsp;&#8211;&gt; convention avec le&nbsp;<strong>SMOM<\/strong><\/li>\n\n\n\n<li>la fonte, les non-ferreux &#8211;&gt;<strong>&nbsp;r\u00e9cup\u00e9rateur&nbsp;<\/strong>Dijonnais<\/li>\n\n\n\n<li>les v\u00eatements&nbsp;&nbsp;&#8211;&gt; Association &#8220;<strong>Le lien<\/strong>&#8220;<\/li>\n\n\n\n<li>les DEA*&nbsp;&#8211;&gt;&nbsp;<strong>Eco-mobilier<\/strong><\/li>\n\n\n\n<li>les D3E** &#8211;&gt;&nbsp;<strong>Envie<\/strong>&nbsp;Dijon<\/li>\n<\/ul>\n<\/div>\n\n\n\n<div class=\"wp-block-column is-layout-flow wp-block-column-is-layout-flow\" style=\"flex-basis:50%\"><div class=\"wp-block-image\">\n<figure class=\"alignright size-large is-resized\"><img loading=\"lazy\" decoding=\"async\" width=\"1024\" height=\"729\" src=\"https:\/\/www.communautedes3rivieres.fr\/wp-content\/uploads\/2021\/12\/Collecter-trier-valoriser-1024x729.jpg\" alt=\"\" class=\"wp-image-265\" style=\"width:289px;height:206px\" srcset=\"https:\/\/www.communautedes3rivieres.fr\/wp-content\/uploads\/2021\/12\/Collecter-trier-valoriser-1024x729.jpg 1024w, https:\/\/www.communautedes3rivieres.fr\/wp-content\/uploads\/2021\/12\/Collecter-trier-valoriser-300x213.jpg 300w, https:\/\/www.communautedes3rivieres.fr\/wp-content\/uploads\/2021\/12\/Collecter-trier-valoriser-768x546.jpg 768w, https:\/\/www.communautedes3rivieres.fr\/wp-content\/uploads\/2021\/12\/Collecter-trier-valoriser.jpg 1040w\" sizes=\"auto, (max-width: 1024px) 100vw, 1024px\" \/><\/figure>\n<\/div><\/div>\n<\/div>\n\n\n\n<p>Tonnages des mati\u00e8res recyclables trait\u00e9es en 2024 :<\/p>\n\n\n\n<ul class=\"wp-block-list\">\n<li>Cartons : 244 T<\/li>\n\n\n\n<li>Ferraille : 67 T<\/li>\n\n\n\n<li>DEA* : 120 T<\/li>\n\n\n\n<li>D3E** : 38 T<\/li>\n\n\n\n<li>Textile : 0 T<\/li>\n\n\n\n<li>Fonte : 5 T<\/li>\n\n\n\n<li>Non-ferreux : 3 T<\/li>\n<\/ul>\n\n\n\n<p style=\"font-size:18px\">Soit un total de<mark style=\"background-color:rgba(0, 0, 0, 0)\" class=\"has-inline-color has-vivid-red-color\"> <strong>477,00 T<\/strong><\/mark><\/p>\n\n\n\n<p class=\"has-small-font-size\">*DEA = D\u00e9chets d&#8217;El\u00e9ments D&#8217;Ameublement, **D3E = D\u00e9chets d&#8217;Equipements Electriques et Electroniques<\/p>\n\n\n\n<p><\/p>\n\n\n\n<p><\/p>\n","protected":false},"excerpt":{"rendered":"<p>Introduction Pour vivre en partie de leur travail, les personnes accueillies&nbsp;collectent, trient et valorisent&nbsp;toutes les mati\u00e8res recyclables rejet\u00e9es parce que consid\u00e9r\u00e9es comme &#8220;d\u00e9chets&#8221; ou non&hellip;<\/p>\n","protected":false},"author":2,"featured_media":0,"parent":0,"menu_order":0,"comment_status":"closed","ping_status":"closed","template":"","meta":{"footnotes":""},"class_list":["post-99","page","type-page","status-publish","hentry"],"yoast_head":"<!-- This site is optimized with the Yoast SEO plugin v27.2 - https:\/\/yoast.com\/product\/yoast-seo-wordpress\/ -->\n<title>Travail \u00e0 la Communaut\u00e9 - La Communaut\u00e9 des 3 Rivi\u00e8res<\/title>\n<meta name=\"robots\" content=\"index, follow, max-snippet:-1, max-image-preview:large, max-video-preview:-1\" \/>\n<link rel=\"canonical\" href=\"https:\/\/www.communautedes3rivieres.fr\/?page_id=99\" \/>\n<meta property=\"og:locale\" content=\"fr_FR\" \/>\n<meta property=\"og:type\" content=\"article\" \/>\n<meta property=\"og:title\" content=\"Travail \u00e0 la Communaut\u00e9 - La Communaut\u00e9 des 3 Rivi\u00e8res\" \/>\n<meta property=\"og:description\" content=\"Introduction Pour vivre en partie de leur travail, les personnes accueillies&nbsp;collectent, trient et valorisent&nbsp;toutes les mati\u00e8res recyclables rejet\u00e9es parce que consid\u00e9r\u00e9es comme &#8220;d\u00e9chets&#8221; ou non&hellip;\" \/>\n<meta property=\"og:url\" content=\"https:\/\/www.communautedes3rivieres.fr\/?page_id=99\" \/>\n<meta property=\"og:site_name\" content=\"La Communaut\u00e9 des 3 Rivi\u00e8res\" \/>\n<meta property=\"article:modified_time\" content=\"2025-09-02T13:39:57+00:00\" \/>\n<meta property=\"og:image\" content=\"http:\/\/site.compoz.fr\/communautedes3rivieres\/CMS\/modules\/advanced_text\/w320\/2103823554_1604236449.jpg\" \/>\n<meta name=\"twitter:card\" content=\"summary_large_image\" \/>\n<meta name=\"twitter:label1\" content=\"Dur\u00e9e de lecture estim\u00e9e\" \/>\n\t<meta name=\"twitter:data1\" content=\"4 minutes\" \/>\n<script type=\"application\/ld+json\" class=\"yoast-schema-graph\">{\"@context\":\"https:\/\/schema.org\",\"@graph\":[{\"@type\":\"WebPage\",\"@id\":\"https:\/\/www.communautedes3rivieres.fr\/?page_id=99\",\"url\":\"https:\/\/www.communautedes3rivieres.fr\/?page_id=99\",\"name\":\"Travail \u00e0 la Communaut\u00e9 - La Communaut\u00e9 des 3 Rivi\u00e8res\",\"isPartOf\":{\"@id\":\"https:\/\/www.communautedes3rivieres.fr\/#website\"},\"primaryImageOfPage\":{\"@id\":\"https:\/\/www.communautedes3rivieres.fr\/?page_id=99#primaryimage\"},\"image\":{\"@id\":\"https:\/\/www.communautedes3rivieres.fr\/?page_id=99#primaryimage\"},\"thumbnailUrl\":\"http:\/\/site.compoz.fr\/communautedes3rivieres\/CMS\/modules\/advanced_text\/w320\/2103823554_1604236449.jpg\",\"datePublished\":\"2021-11-23T14:05:52+00:00\",\"dateModified\":\"2025-09-02T13:39:57+00:00\",\"breadcrumb\":{\"@id\":\"https:\/\/www.communautedes3rivieres.fr\/?page_id=99#breadcrumb\"},\"inLanguage\":\"fr-FR\",\"potentialAction\":[{\"@type\":\"ReadAction\",\"target\":[\"https:\/\/www.communautedes3rivieres.fr\/?page_id=99\"]}]},{\"@type\":\"ImageObject\",\"inLanguage\":\"fr-FR\",\"@id\":\"https:\/\/www.communautedes3rivieres.fr\/?page_id=99#primaryimage\",\"url\":\"http:\/\/site.compoz.fr\/communautedes3rivieres\/CMS\/modules\/advanced_text\/w320\/2103823554_1604236449.jpg\",\"contentUrl\":\"http:\/\/site.compoz.fr\/communautedes3rivieres\/CMS\/modules\/advanced_text\/w320\/2103823554_1604236449.jpg\"},{\"@type\":\"BreadcrumbList\",\"@id\":\"https:\/\/www.communautedes3rivieres.fr\/?page_id=99#breadcrumb\",\"itemListElement\":[{\"@type\":\"ListItem\",\"position\":1,\"name\":\"La Communaut\u00e9\",\"item\":\"https:\/\/www.communautedes3rivieres.fr\/\"},{\"@type\":\"ListItem\",\"position\":2,\"name\":\"Travail \u00e0 la Communaut\u00e9\"}]},{\"@type\":\"WebSite\",\"@id\":\"https:\/\/www.communautedes3rivieres.fr\/#website\",\"url\":\"https:\/\/www.communautedes3rivieres.fr\/\",\"name\":\"La Communaut\u00e9 des 3 Rivi\u00e8res\",\"description\":\"Le site de la Communaut\u00e9\",\"publisher\":{\"@id\":\"https:\/\/www.communautedes3rivieres.fr\/#organization\"},\"potentialAction\":[{\"@type\":\"SearchAction\",\"target\":{\"@type\":\"EntryPoint\",\"urlTemplate\":\"https:\/\/www.communautedes3rivieres.fr\/?s={search_term_string}\"},\"query-input\":{\"@type\":\"PropertyValueSpecification\",\"valueRequired\":true,\"valueName\":\"search_term_string\"}}],\"inLanguage\":\"fr-FR\"},{\"@type\":\"Organization\",\"@id\":\"https:\/\/www.communautedes3rivieres.fr\/#organization\",\"name\":\"Communaut\u00e9 des 3 Rivi\u00e8res\",\"url\":\"https:\/\/www.communautedes3rivieres.fr\/\",\"logo\":{\"@type\":\"ImageObject\",\"inLanguage\":\"fr-FR\",\"@id\":\"https:\/\/www.communautedes3rivieres.fr\/#\/schema\/logo\/image\/\",\"url\":\"https:\/\/www.communautedes3rivieres.fr\/wp-content\/uploads\/2021\/11\/cropped-logo300x211gros-3-1.png\",\"contentUrl\":\"https:\/\/www.communautedes3rivieres.fr\/wp-content\/uploads\/2021\/11\/cropped-logo300x211gros-3-1.png\",\"width\":330,\"height\":187,\"caption\":\"Communaut\u00e9 des 3 Rivi\u00e8res\"},\"image\":{\"@id\":\"https:\/\/www.communautedes3rivieres.fr\/#\/schema\/logo\/image\/\"}}]}<\/script>\n<!-- \/ Yoast SEO plugin. -->","yoast_head_json":{"title":"Travail \u00e0 la Communaut\u00e9 - La Communaut\u00e9 des 3 Rivi\u00e8res","robots":{"index":"index","follow":"follow","max-snippet":"max-snippet:-1","max-image-preview":"max-image-preview:large","max-video-preview":"max-video-preview:-1"},"canonical":"https:\/\/www.communautedes3rivieres.fr\/?page_id=99","og_locale":"fr_FR","og_type":"article","og_title":"Travail \u00e0 la Communaut\u00e9 - La Communaut\u00e9 des 3 Rivi\u00e8res","og_description":"Introduction Pour vivre en partie de leur travail, les personnes accueillies&nbsp;collectent, trient et valorisent&nbsp;toutes les mati\u00e8res recyclables rejet\u00e9es parce que consid\u00e9r\u00e9es comme &#8220;d\u00e9chets&#8221; ou non&hellip;","og_url":"https:\/\/www.communautedes3rivieres.fr\/?page_id=99","og_site_name":"La Communaut\u00e9 des 3 Rivi\u00e8res","article_modified_time":"2025-09-02T13:39:57+00:00","og_image":[{"url":"http:\/\/site.compoz.fr\/communautedes3rivieres\/CMS\/modules\/advanced_text\/w320\/2103823554_1604236449.jpg","type":"","width":"","height":""}],"twitter_card":"summary_large_image","twitter_misc":{"Dur\u00e9e de lecture estim\u00e9e":"4 minutes"},"schema":{"@context":"https:\/\/schema.org","@graph":[{"@type":"WebPage","@id":"https:\/\/www.communautedes3rivieres.fr\/?page_id=99","url":"https:\/\/www.communautedes3rivieres.fr\/?page_id=99","name":"Travail \u00e0 la Communaut\u00e9 - La Communaut\u00e9 des 3 Rivi\u00e8res","isPartOf":{"@id":"https:\/\/www.communautedes3rivieres.fr\/#website"},"primaryImageOfPage":{"@id":"https:\/\/www.communautedes3rivieres.fr\/?page_id=99#primaryimage"},"image":{"@id":"https:\/\/www.communautedes3rivieres.fr\/?page_id=99#primaryimage"},"thumbnailUrl":"http:\/\/site.compoz.fr\/communautedes3rivieres\/CMS\/modules\/advanced_text\/w320\/2103823554_1604236449.jpg","datePublished":"2021-11-23T14:05:52+00:00","dateModified":"2025-09-02T13:39:57+00:00","breadcrumb":{"@id":"https:\/\/www.communautedes3rivieres.fr\/?page_id=99#breadcrumb"},"inLanguage":"fr-FR","potentialAction":[{"@type":"ReadAction","target":["https:\/\/www.communautedes3rivieres.fr\/?page_id=99"]}]},{"@type":"ImageObject","inLanguage":"fr-FR","@id":"https:\/\/www.communautedes3rivieres.fr\/?page_id=99#primaryimage","url":"http:\/\/site.compoz.fr\/communautedes3rivieres\/CMS\/modules\/advanced_text\/w320\/2103823554_1604236449.jpg","contentUrl":"http:\/\/site.compoz.fr\/communautedes3rivieres\/CMS\/modules\/advanced_text\/w320\/2103823554_1604236449.jpg"},{"@type":"BreadcrumbList","@id":"https:\/\/www.communautedes3rivieres.fr\/?page_id=99#breadcrumb","itemListElement":[{"@type":"ListItem","position":1,"name":"La Communaut\u00e9","item":"https:\/\/www.communautedes3rivieres.fr\/"},{"@type":"ListItem","position":2,"name":"Travail \u00e0 la Communaut\u00e9"}]},{"@type":"WebSite","@id":"https:\/\/www.communautedes3rivieres.fr\/#website","url":"https:\/\/www.communautedes3rivieres.fr\/","name":"La Communaut\u00e9 des 3 Rivi\u00e8res","description":"Le site de la Communaut\u00e9","publisher":{"@id":"https:\/\/www.communautedes3rivieres.fr\/#organization"},"potentialAction":[{"@type":"SearchAction","target":{"@type":"EntryPoint","urlTemplate":"https:\/\/www.communautedes3rivieres.fr\/?s={search_term_string}"},"query-input":{"@type":"PropertyValueSpecification","valueRequired":true,"valueName":"search_term_string"}}],"inLanguage":"fr-FR"},{"@type":"Organization","@id":"https:\/\/www.communautedes3rivieres.fr\/#organization","name":"Communaut\u00e9 des 3 Rivi\u00e8res","url":"https:\/\/www.communautedes3rivieres.fr\/","logo":{"@type":"ImageObject","inLanguage":"fr-FR","@id":"https:\/\/www.communautedes3rivieres.fr\/#\/schema\/logo\/image\/","url":"https:\/\/www.communautedes3rivieres.fr\/wp-content\/uploads\/2021\/11\/cropped-logo300x211gros-3-1.png","contentUrl":"https:\/\/www.communautedes3rivieres.fr\/wp-content\/uploads\/2021\/11\/cropped-logo300x211gros-3-1.png","width":330,"height":187,"caption":"Communaut\u00e9 des 3 Rivi\u00e8res"},"image":{"@id":"https:\/\/www.communautedes3rivieres.fr\/#\/schema\/logo\/image\/"}}]}},"_links":{"self":[{"href":"https:\/\/www.communautedes3rivieres.fr\/index.php?rest_route=\/wp\/v2\/pages\/99","targetHints":{"allow":["GET"]}}],"collection":[{"href":"https:\/\/www.communautedes3rivieres.fr\/index.php?rest_route=\/wp\/v2\/pages"}],"about":[{"href":"https:\/\/www.communautedes3rivieres.fr\/index.php?rest_route=\/wp\/v2\/types\/page"}],"author":[{"embeddable":true,"href":"https:\/\/www.communautedes3rivieres.fr\/index.php?rest_route=\/wp\/v2\/users\/2"}],"replies":[{"embeddable":true,"href":"https:\/\/www.communautedes3rivieres.fr\/index.php?rest_route=%2Fwp%2Fv2%2Fcomments&post=99"}],"version-history":[{"count":27,"href":"https:\/\/www.communautedes3rivieres.fr\/index.php?rest_route=\/wp\/v2\/pages\/99\/revisions"}],"predecessor-version":[{"id":776,"href":"https:\/\/www.communautedes3rivieres.fr\/index.php?rest_route=\/wp\/v2\/pages\/99\/revisions\/776"}],"wp:attachment":[{"href":"https:\/\/www.communautedes3rivieres.fr\/index.php?rest_route=%2Fwp%2Fv2%2Fmedia&parent=99"}],"curies":[{"name":"wp","href":"https:\/\/api.w.org\/{rel}","templated":true}]}}