{"id":98,"date":"2021-11-23T14:05:52","date_gmt":"2021-11-23T14:05:52","guid":{"rendered":"https:\/\/www.communautedes3rivieres.fr\/?page_id=98"},"modified":"2021-12-07T17:07:03","modified_gmt":"2021-12-07T17:07:03","slug":"accompagnement-social","status":"publish","type":"page","link":"https:\/\/www.communautedes3rivieres.fr\/?page_id=98","title":{"rendered":"Accompagnement social"},"content":{"rendered":"\n<h3 class=\"wp-block-heading\"><strong><em>Vie communautaire<\/em><\/strong><\/h3>\n\n\n\n<div class=\"wp-block-media-text alignwide is-stacked-on-mobile\" style=\"grid-template-columns:19% auto\"><figure class=\"wp-block-media-text__media\"><img loading=\"lazy\" decoding=\"async\" width=\"350\" height=\"224\" src=\"https:\/\/www.communautedes3rivieres.fr\/wp-content\/uploads\/2021\/12\/maison.jpg\" alt=\"\" class=\"wp-image-207 size-full\" srcset=\"https:\/\/www.communautedes3rivieres.fr\/wp-content\/uploads\/2021\/12\/maison.jpg 350w, https:\/\/www.communautedes3rivieres.fr\/wp-content\/uploads\/2021\/12\/maison-300x192.jpg 300w\" sizes=\"auto, (max-width: 350px) 100vw, 350px\" \/><\/figure><div class=\"wp-block-media-text__content\">\n<p>Au niveau de la vie Communautaire, tous les repas du midi, sauf le dimanche, sont pris en commun. C&#8217;est une obligation. Pour le petit d\u00e9jeuner et le repas du soir, chaque personne est autonome. Un colis est distribu\u00e9 chaque semaine comprenant de l&#8217;alimentation, des produits d&#8217;hygi\u00e8ne et d&#8217;entretien. Suivant une liste \u00e9tablie, chaque compagnon choisi ce qu&#8217;il souhaite.&nbsp;Nous effectuons nos achats alimentaires principalement sur le secteur d\u2019Is sur Tille.<\/p>\n\n\n\n<p>En ce qui concerne les loisirs, la Communaut\u00e9 peut financer les activit\u00e9s ext\u00e9rieures (sportives ou culturelles) ou les vacances organis\u00e9es suivant les projets. Les compagnons peuvent \u00e9galement organiser des sorties, un v\u00e9hicule est mis \u00e0 leur disposition.<\/p>\n<\/div><\/div>\n\n\n\n<h3 class=\"wp-block-heading\"><strong><em>Suivi administratif et m\u00e9dical<\/em><\/strong><\/h3>\n\n\n\n<p>Les personnes accueillies \u00e0 la Communaut\u00e9 b\u00e9n\u00e9ficient d\u2019une prise en charge administrative et m\u00e9dicale. Tout ce qui concerne leur dossier (constitution, transferts, \u00e9tude de droits, acc\u00e8s aux soins, et interventions aupr\u00e8s des diff\u00e9rentes administrations ) est effectu\u00e9 au sein de la Communaut\u00e9.&nbsp;<\/p>\n\n\n\n<p>En ce qui concerne le suivi m\u00e9dical, la plupart des compagnons a acc\u00e8s aux soins gratuits dans le cadre de la Couverture Mutuelle Universelle compl\u00e9mentaire. Les compagnons peuvent choisir leur m\u00e9decin g\u00e9n\u00e9raliste, ou leur dentiste. Les autres soins s\u2019effectuent \u00e0 DIJON. R\u00e9guli\u00e8rement, ils peuvent b\u00e9n\u00e9ficier d\u2019un bilan complet de sant\u00e9 gr\u00e2ce \u00e0 la Caisse Primaire d\u2019Assurance Maladie.<\/p>\n\n\n\n<div class=\"wp-block-media-text alignwide is-stacked-on-mobile\" style=\"grid-template-columns:19% auto\"><figure class=\"wp-block-media-text__media\"><img loading=\"lazy\" decoding=\"async\" width=\"190\" height=\"254\" src=\"https:\/\/www.communautedes3rivieres.fr\/wp-content\/uploads\/2021\/12\/suivi-medical-edited-1.jpg\" alt=\"\" class=\"wp-image-221 size-full\"\/><\/figure><div class=\"wp-block-media-text__content\">\n<div class=\"wp-block-group\"><div class=\"wp-block-group__inner-container is-layout-flow wp-block-group-is-layout-flow\">\n<p>La Communaut\u00e9 aide \u00e9galement les compagnons dans d\u2019autres d\u00e9marches telles que la recherche de logement, de travail, de formation, etc. En ce qui concerne la formation, elle est prise en charge financi\u00e8rement, tout ou partie par la Communaut\u00e9.<\/p>\n\n\n\n<p>L\u2019accompagnement social est notre principal travail. C\u2019est une t\u00e2che qui doit amener la personne accueillie \u00e0 un mieux-\u00eatre. Certains trouveront rapidement des solutions, d\u2019autres voudront rester \u00e0 la Communaut\u00e9, pour d\u2019autres encore il faudra plus de temps, plus de patience avant d\u2019envisager un d\u00e9part dans de bonnes conditions. La Communaut\u00e9 doit \u00eatre un lieu ou l\u2019on puisse faire le point dans diff\u00e9rents domaines ( travail, famille, soins, etc.) et redonner du go\u00fbt et de l\u2019envie. Elle doit servir de base ou de relais pour l\u2019engagement d\u2019autres d\u00e9marches.<\/p>\n<\/div><\/div>\n<\/div><\/div>\n","protected":false},"excerpt":{"rendered":"<p>Vie communautaire Au niveau de la vie Communautaire, tous les repas du midi, sauf le dimanche, sont pris en commun. C&#8217;est une obligation. Pour le&hellip;<\/p>\n","protected":false},"author":2,"featured_media":0,"parent":0,"menu_order":0,"comment_status":"closed","ping_status":"closed","template":"","meta":{"footnotes":""},"class_list":["post-98","page","type-page","status-publish","hentry"],"yoast_head":"<!-- This site is optimized with the Yoast SEO plugin v27.2 - https:\/\/yoast.com\/product\/yoast-seo-wordpress\/ -->\n<title>Accompagnement social - La Communaut\u00e9 des 3 Rivi\u00e8res<\/title>\n<meta name=\"robots\" content=\"index, follow, max-snippet:-1, max-image-preview:large, max-video-preview:-1\" \/>\n<link rel=\"canonical\" href=\"https:\/\/www.communautedes3rivieres.fr\/?page_id=98\" \/>\n<meta property=\"og:locale\" content=\"fr_FR\" \/>\n<meta property=\"og:type\" content=\"article\" \/>\n<meta property=\"og:title\" content=\"Accompagnement social - La Communaut\u00e9 des 3 Rivi\u00e8res\" \/>\n<meta property=\"og:description\" content=\"Vie communautaire Au niveau de la vie Communautaire, tous les repas du midi, sauf le dimanche, sont pris en commun. C&#8217;est une obligation. Pour le&hellip;\" \/>\n<meta property=\"og:url\" content=\"https:\/\/www.communautedes3rivieres.fr\/?page_id=98\" \/>\n<meta property=\"og:site_name\" content=\"La Communaut\u00e9 des 3 Rivi\u00e8res\" \/>\n<meta property=\"article:modified_time\" content=\"2021-12-07T17:07:03+00:00\" \/>\n<meta property=\"og:image\" content=\"https:\/\/www.communautedes3rivieres.fr\/wp-content\/uploads\/2021\/12\/maison.jpg\" \/>\n<meta name=\"twitter:card\" content=\"summary_large_image\" \/>\n<meta name=\"twitter:label1\" content=\"Dur\u00e9e de lecture estim\u00e9e\" \/>\n\t<meta name=\"twitter:data1\" content=\"2 minutes\" \/>\n<script type=\"application\/ld+json\" class=\"yoast-schema-graph\">{\"@context\":\"https:\/\/schema.org\",\"@graph\":[{\"@type\":\"WebPage\",\"@id\":\"https:\/\/www.communautedes3rivieres.fr\/?page_id=98\",\"url\":\"https:\/\/www.communautedes3rivieres.fr\/?page_id=98\",\"name\":\"Accompagnement social - La Communaut\u00e9 des 3 Rivi\u00e8res\",\"isPartOf\":{\"@id\":\"https:\/\/www.communautedes3rivieres.fr\/#website\"},\"primaryImageOfPage\":{\"@id\":\"https:\/\/www.communautedes3rivieres.fr\/?page_id=98#primaryimage\"},\"image\":{\"@id\":\"https:\/\/www.communautedes3rivieres.fr\/?page_id=98#primaryimage\"},\"thumbnailUrl\":\"https:\/\/www.communautedes3rivieres.fr\/wp-content\/uploads\/2021\/12\/maison.jpg\",\"datePublished\":\"2021-11-23T14:05:52+00:00\",\"dateModified\":\"2021-12-07T17:07:03+00:00\",\"breadcrumb\":{\"@id\":\"https:\/\/www.communautedes3rivieres.fr\/?page_id=98#breadcrumb\"},\"inLanguage\":\"fr-FR\",\"potentialAction\":[{\"@type\":\"ReadAction\",\"target\":[\"https:\/\/www.communautedes3rivieres.fr\/?page_id=98\"]}]},{\"@type\":\"ImageObject\",\"inLanguage\":\"fr-FR\",\"@id\":\"https:\/\/www.communautedes3rivieres.fr\/?page_id=98#primaryimage\",\"url\":\"https:\/\/www.communautedes3rivieres.fr\/wp-content\/uploads\/2021\/12\/maison.jpg\",\"contentUrl\":\"https:\/\/www.communautedes3rivieres.fr\/wp-content\/uploads\/2021\/12\/maison.jpg\",\"width\":350,\"height\":224},{\"@type\":\"BreadcrumbList\",\"@id\":\"https:\/\/www.communautedes3rivieres.fr\/?page_id=98#breadcrumb\",\"itemListElement\":[{\"@type\":\"ListItem\",\"position\":1,\"name\":\"La Communaut\u00e9\",\"item\":\"https:\/\/www.communautedes3rivieres.fr\/\"},{\"@type\":\"ListItem\",\"position\":2,\"name\":\"Accompagnement social\"}]},{\"@type\":\"WebSite\",\"@id\":\"https:\/\/www.communautedes3rivieres.fr\/#website\",\"url\":\"https:\/\/www.communautedes3rivieres.fr\/\",\"name\":\"La Communaut\u00e9 des 3 Rivi\u00e8res\",\"description\":\"Le site de la Communaut\u00e9\",\"publisher\":{\"@id\":\"https:\/\/www.communautedes3rivieres.fr\/#organization\"},\"potentialAction\":[{\"@type\":\"SearchAction\",\"target\":{\"@type\":\"EntryPoint\",\"urlTemplate\":\"https:\/\/www.communautedes3rivieres.fr\/?s={search_term_string}\"},\"query-input\":{\"@type\":\"PropertyValueSpecification\",\"valueRequired\":true,\"valueName\":\"search_term_string\"}}],\"inLanguage\":\"fr-FR\"},{\"@type\":\"Organization\",\"@id\":\"https:\/\/www.communautedes3rivieres.fr\/#organization\",\"name\":\"Communaut\u00e9 des 3 Rivi\u00e8res\",\"url\":\"https:\/\/www.communautedes3rivieres.fr\/\",\"logo\":{\"@type\":\"ImageObject\",\"inLanguage\":\"fr-FR\",\"@id\":\"https:\/\/www.communautedes3rivieres.fr\/#\/schema\/logo\/image\/\",\"url\":\"https:\/\/www.communautedes3rivieres.fr\/wp-content\/uploads\/2021\/11\/cropped-logo300x211gros-3-1.png\",\"contentUrl\":\"https:\/\/www.communautedes3rivieres.fr\/wp-content\/uploads\/2021\/11\/cropped-logo300x211gros-3-1.png\",\"width\":330,\"height\":187,\"caption\":\"Communaut\u00e9 des 3 Rivi\u00e8res\"},\"image\":{\"@id\":\"https:\/\/www.communautedes3rivieres.fr\/#\/schema\/logo\/image\/\"}}]}<\/script>\n<!-- \/ Yoast SEO plugin. -->","yoast_head_json":{"title":"Accompagnement social - La Communaut\u00e9 des 3 Rivi\u00e8res","robots":{"index":"index","follow":"follow","max-snippet":"max-snippet:-1","max-image-preview":"max-image-preview:large","max-video-preview":"max-video-preview:-1"},"canonical":"https:\/\/www.communautedes3rivieres.fr\/?page_id=98","og_locale":"fr_FR","og_type":"article","og_title":"Accompagnement social - La Communaut\u00e9 des 3 Rivi\u00e8res","og_description":"Vie communautaire Au niveau de la vie Communautaire, tous les repas du midi, sauf le dimanche, sont pris en commun. C&#8217;est une obligation. Pour le&hellip;","og_url":"https:\/\/www.communautedes3rivieres.fr\/?page_id=98","og_site_name":"La Communaut\u00e9 des 3 Rivi\u00e8res","article_modified_time":"2021-12-07T17:07:03+00:00","og_image":[{"url":"https:\/\/www.communautedes3rivieres.fr\/wp-content\/uploads\/2021\/12\/maison.jpg","type":"","width":"","height":""}],"twitter_card":"summary_large_image","twitter_misc":{"Dur\u00e9e de lecture estim\u00e9e":"2 minutes"},"schema":{"@context":"https:\/\/schema.org","@graph":[{"@type":"WebPage","@id":"https:\/\/www.communautedes3rivieres.fr\/?page_id=98","url":"https:\/\/www.communautedes3rivieres.fr\/?page_id=98","name":"Accompagnement social - La Communaut\u00e9 des 3 Rivi\u00e8res","isPartOf":{"@id":"https:\/\/www.communautedes3rivieres.fr\/#website"},"primaryImageOfPage":{"@id":"https:\/\/www.communautedes3rivieres.fr\/?page_id=98#primaryimage"},"image":{"@id":"https:\/\/www.communautedes3rivieres.fr\/?page_id=98#primaryimage"},"thumbnailUrl":"https:\/\/www.communautedes3rivieres.fr\/wp-content\/uploads\/2021\/12\/maison.jpg","datePublished":"2021-11-23T14:05:52+00:00","dateModified":"2021-12-07T17:07:03+00:00","breadcrumb":{"@id":"https:\/\/www.communautedes3rivieres.fr\/?page_id=98#breadcrumb"},"inLanguage":"fr-FR","potentialAction":[{"@type":"ReadAction","target":["https:\/\/www.communautedes3rivieres.fr\/?page_id=98"]}]},{"@type":"ImageObject","inLanguage":"fr-FR","@id":"https:\/\/www.communautedes3rivieres.fr\/?page_id=98#primaryimage","url":"https:\/\/www.communautedes3rivieres.fr\/wp-content\/uploads\/2021\/12\/maison.jpg","contentUrl":"https:\/\/www.communautedes3rivieres.fr\/wp-content\/uploads\/2021\/12\/maison.jpg","width":350,"height":224},{"@type":"BreadcrumbList","@id":"https:\/\/www.communautedes3rivieres.fr\/?page_id=98#breadcrumb","itemListElement":[{"@type":"ListItem","position":1,"name":"La Communaut\u00e9","item":"https:\/\/www.communautedes3rivieres.fr\/"},{"@type":"ListItem","position":2,"name":"Accompagnement social"}]},{"@type":"WebSite","@id":"https:\/\/www.communautedes3rivieres.fr\/#website","url":"https:\/\/www.communautedes3rivieres.fr\/","name":"La Communaut\u00e9 des 3 Rivi\u00e8res","description":"Le site de la Communaut\u00e9","publisher":{"@id":"https:\/\/www.communautedes3rivieres.fr\/#organization"},"potentialAction":[{"@type":"SearchAction","target":{"@type":"EntryPoint","urlTemplate":"https:\/\/www.communautedes3rivieres.fr\/?s={search_term_string}"},"query-input":{"@type":"PropertyValueSpecification","valueRequired":true,"valueName":"search_term_string"}}],"inLanguage":"fr-FR"},{"@type":"Organization","@id":"https:\/\/www.communautedes3rivieres.fr\/#organization","name":"Communaut\u00e9 des 3 Rivi\u00e8res","url":"https:\/\/www.communautedes3rivieres.fr\/","logo":{"@type":"ImageObject","inLanguage":"fr-FR","@id":"https:\/\/www.communautedes3rivieres.fr\/#\/schema\/logo\/image\/","url":"https:\/\/www.communautedes3rivieres.fr\/wp-content\/uploads\/2021\/11\/cropped-logo300x211gros-3-1.png","contentUrl":"https:\/\/www.communautedes3rivieres.fr\/wp-content\/uploads\/2021\/11\/cropped-logo300x211gros-3-1.png","width":330,"height":187,"caption":"Communaut\u00e9 des 3 Rivi\u00e8res"},"image":{"@id":"https:\/\/www.communautedes3rivieres.fr\/#\/schema\/logo\/image\/"}}]}},"_links":{"self":[{"href":"https:\/\/www.communautedes3rivieres.fr\/index.php?rest_route=\/wp\/v2\/pages\/98","targetHints":{"allow":["GET"]}}],"collection":[{"href":"https:\/\/www.communautedes3rivieres.fr\/index.php?rest_route=\/wp\/v2\/pages"}],"about":[{"href":"https:\/\/www.communautedes3rivieres.fr\/index.php?rest_route=\/wp\/v2\/types\/page"}],"author":[{"embeddable":true,"href":"https:\/\/www.communautedes3rivieres.fr\/index.php?rest_route=\/wp\/v2\/users\/2"}],"replies":[{"embeddable":true,"href":"https:\/\/www.communautedes3rivieres.fr\/index.php?rest_route=%2Fwp%2Fv2%2Fcomments&post=98"}],"version-history":[{"count":20,"href":"https:\/\/www.communautedes3rivieres.fr\/index.php?rest_route=\/wp\/v2\/pages\/98\/revisions"}],"predecessor-version":[{"id":243,"href":"https:\/\/www.communautedes3rivieres.fr\/index.php?rest_route=\/wp\/v2\/pages\/98\/revisions\/243"}],"wp:attachment":[{"href":"https:\/\/www.communautedes3rivieres.fr\/index.php?rest_route=%2Fwp%2Fv2%2Fmedia&parent=98"}],"curies":[{"name":"wp","href":"https:\/\/api.w.org\/{rel}","templated":true}]}}