{"id":96,"date":"2021-11-23T14:05:51","date_gmt":"2021-11-23T14:05:51","guid":{"rendered":"https:\/\/www.communautedes3rivieres.fr\/?page_id=96"},"modified":"2021-12-07T22:25:01","modified_gmt":"2021-12-07T22:25:01","slug":"acces","status":"publish","type":"page","link":"https:\/\/www.communautedes3rivieres.fr\/?page_id=96","title":{"rendered":"Acc\u00e8s"},"content":{"rendered":"\n<p><strong><em>Nous trouver :<\/em><\/strong><\/p>\n\n\n\n<p><\/p>\n\n\n\n<p class=\"has-normal-font-size\"><strong>Communaut\u00e9 des 3 Rivi\u00e8res<\/strong><br>13, avenue de la Gare<br>21120\u00a0Marcilly sur Tille<br>FRANCE<br>\u00a0<br>T\u00e9l :\u00a003 80 95 27 37<\/p>\n\n\n\n<div><iframe src=\"https:\/\/maps.google.com\/maps?q=13+avenue+de+la+Gare+21120+Marcilly+sur+Tille&amp;z=16&amp;t=m&amp;output=embed\" style=\"border:0;height:597px;width:100%\"><\/iframe><\/div>\n","protected":false},"excerpt":{"rendered":"<p>Nous trouver : Communaut\u00e9 des 3 Rivi\u00e8res13, avenue de la Gare21120\u00a0Marcilly sur TilleFRANCE\u00a0T\u00e9l :\u00a003 80 95 27 37<\/p>\n","protected":false},"author":2,"featured_media":0,"parent":0,"menu_order":0,"comment_status":"closed","ping_status":"closed","template":"","meta":{"footnotes":""},"class_list":["post-96","page","type-page","status-publish","hentry"],"yoast_head":"<!-- This site is optimized with the Yoast SEO plugin v27.2 - https:\/\/yoast.com\/product\/yoast-seo-wordpress\/ -->\n<title>Acc\u00e8s - La Communaut\u00e9 des 3 Rivi\u00e8res<\/title>\n<meta name=\"robots\" content=\"index, follow, max-snippet:-1, max-image-preview:large, max-video-preview:-1\" \/>\n<link rel=\"canonical\" href=\"https:\/\/www.communautedes3rivieres.fr\/?page_id=96\" \/>\n<meta property=\"og:locale\" content=\"fr_FR\" \/>\n<meta property=\"og:type\" content=\"article\" \/>\n<meta property=\"og:title\" content=\"Acc\u00e8s - La Communaut\u00e9 des 3 Rivi\u00e8res\" \/>\n<meta property=\"og:description\" content=\"Nous trouver : Communaut\u00e9 des 3 Rivi\u00e8res13, avenue de la Gare21120\u00a0Marcilly sur TilleFRANCE\u00a0T\u00e9l :\u00a003 80 95 27 37\" \/>\n<meta property=\"og:url\" content=\"https:\/\/www.communautedes3rivieres.fr\/?page_id=96\" \/>\n<meta property=\"og:site_name\" content=\"La Communaut\u00e9 des 3 Rivi\u00e8res\" \/>\n<meta property=\"article:modified_time\" content=\"2021-12-07T22:25:01+00:00\" \/>\n<meta name=\"twitter:card\" content=\"summary_large_image\" \/>\n<script type=\"application\/ld+json\" class=\"yoast-schema-graph\">{\"@context\":\"https:\/\/schema.org\",\"@graph\":[{\"@type\":\"WebPage\",\"@id\":\"https:\/\/www.communautedes3rivieres.fr\/?page_id=96\",\"url\":\"https:\/\/www.communautedes3rivieres.fr\/?page_id=96\",\"name\":\"Acc\u00e8s - La Communaut\u00e9 des 3 Rivi\u00e8res\",\"isPartOf\":{\"@id\":\"https:\/\/www.communautedes3rivieres.fr\/#website\"},\"datePublished\":\"2021-11-23T14:05:51+00:00\",\"dateModified\":\"2021-12-07T22:25:01+00:00\",\"breadcrumb\":{\"@id\":\"https:\/\/www.communautedes3rivieres.fr\/?page_id=96#breadcrumb\"},\"inLanguage\":\"fr-FR\",\"potentialAction\":[{\"@type\":\"ReadAction\",\"target\":[\"https:\/\/www.communautedes3rivieres.fr\/?page_id=96\"]}]},{\"@type\":\"BreadcrumbList\",\"@id\":\"https:\/\/www.communautedes3rivieres.fr\/?page_id=96#breadcrumb\",\"itemListElement\":[{\"@type\":\"ListItem\",\"position\":1,\"name\":\"La Communaut\u00e9\",\"item\":\"https:\/\/www.communautedes3rivieres.fr\/\"},{\"@type\":\"ListItem\",\"position\":2,\"name\":\"Acc\u00e8s\"}]},{\"@type\":\"WebSite\",\"@id\":\"https:\/\/www.communautedes3rivieres.fr\/#website\",\"url\":\"https:\/\/www.communautedes3rivieres.fr\/\",\"name\":\"La Communaut\u00e9 des 3 Rivi\u00e8res\",\"description\":\"Le site de la Communaut\u00e9\",\"publisher\":{\"@id\":\"https:\/\/www.communautedes3rivieres.fr\/#organization\"},\"potentialAction\":[{\"@type\":\"SearchAction\",\"target\":{\"@type\":\"EntryPoint\",\"urlTemplate\":\"https:\/\/www.communautedes3rivieres.fr\/?s={search_term_string}\"},\"query-input\":{\"@type\":\"PropertyValueSpecification\",\"valueRequired\":true,\"valueName\":\"search_term_string\"}}],\"inLanguage\":\"fr-FR\"},{\"@type\":\"Organization\",\"@id\":\"https:\/\/www.communautedes3rivieres.fr\/#organization\",\"name\":\"Communaut\u00e9 des 3 Rivi\u00e8res\",\"url\":\"https:\/\/www.communautedes3rivieres.fr\/\",\"logo\":{\"@type\":\"ImageObject\",\"inLanguage\":\"fr-FR\",\"@id\":\"https:\/\/www.communautedes3rivieres.fr\/#\/schema\/logo\/image\/\",\"url\":\"https:\/\/www.communautedes3rivieres.fr\/wp-content\/uploads\/2021\/11\/cropped-logo300x211gros-3-1.png\",\"contentUrl\":\"https:\/\/www.communautedes3rivieres.fr\/wp-content\/uploads\/2021\/11\/cropped-logo300x211gros-3-1.png\",\"width\":330,\"height\":187,\"caption\":\"Communaut\u00e9 des 3 Rivi\u00e8res\"},\"image\":{\"@id\":\"https:\/\/www.communautedes3rivieres.fr\/#\/schema\/logo\/image\/\"}}]}<\/script>\n<!-- \/ Yoast SEO plugin. -->","yoast_head_json":{"title":"Acc\u00e8s - La Communaut\u00e9 des 3 Rivi\u00e8res","robots":{"index":"index","follow":"follow","max-snippet":"max-snippet:-1","max-image-preview":"max-image-preview:large","max-video-preview":"max-video-preview:-1"},"canonical":"https:\/\/www.communautedes3rivieres.fr\/?page_id=96","og_locale":"fr_FR","og_type":"article","og_title":"Acc\u00e8s - La Communaut\u00e9 des 3 Rivi\u00e8res","og_description":"Nous trouver : Communaut\u00e9 des 3 Rivi\u00e8res13, avenue de la Gare21120\u00a0Marcilly sur TilleFRANCE\u00a0T\u00e9l :\u00a003 80 95 27 37","og_url":"https:\/\/www.communautedes3rivieres.fr\/?page_id=96","og_site_name":"La Communaut\u00e9 des 3 Rivi\u00e8res","article_modified_time":"2021-12-07T22:25:01+00:00","twitter_card":"summary_large_image","schema":{"@context":"https:\/\/schema.org","@graph":[{"@type":"WebPage","@id":"https:\/\/www.communautedes3rivieres.fr\/?page_id=96","url":"https:\/\/www.communautedes3rivieres.fr\/?page_id=96","name":"Acc\u00e8s - La Communaut\u00e9 des 3 Rivi\u00e8res","isPartOf":{"@id":"https:\/\/www.communautedes3rivieres.fr\/#website"},"datePublished":"2021-11-23T14:05:51+00:00","dateModified":"2021-12-07T22:25:01+00:00","breadcrumb":{"@id":"https:\/\/www.communautedes3rivieres.fr\/?page_id=96#breadcrumb"},"inLanguage":"fr-FR","potentialAction":[{"@type":"ReadAction","target":["https:\/\/www.communautedes3rivieres.fr\/?page_id=96"]}]},{"@type":"BreadcrumbList","@id":"https:\/\/www.communautedes3rivieres.fr\/?page_id=96#breadcrumb","itemListElement":[{"@type":"ListItem","position":1,"name":"La Communaut\u00e9","item":"https:\/\/www.communautedes3rivieres.fr\/"},{"@type":"ListItem","position":2,"name":"Acc\u00e8s"}]},{"@type":"WebSite","@id":"https:\/\/www.communautedes3rivieres.fr\/#website","url":"https:\/\/www.communautedes3rivieres.fr\/","name":"La Communaut\u00e9 des 3 Rivi\u00e8res","description":"Le site de la Communaut\u00e9","publisher":{"@id":"https:\/\/www.communautedes3rivieres.fr\/#organization"},"potentialAction":[{"@type":"SearchAction","target":{"@type":"EntryPoint","urlTemplate":"https:\/\/www.communautedes3rivieres.fr\/?s={search_term_string}"},"query-input":{"@type":"PropertyValueSpecification","valueRequired":true,"valueName":"search_term_string"}}],"inLanguage":"fr-FR"},{"@type":"Organization","@id":"https:\/\/www.communautedes3rivieres.fr\/#organization","name":"Communaut\u00e9 des 3 Rivi\u00e8res","url":"https:\/\/www.communautedes3rivieres.fr\/","logo":{"@type":"ImageObject","inLanguage":"fr-FR","@id":"https:\/\/www.communautedes3rivieres.fr\/#\/schema\/logo\/image\/","url":"https:\/\/www.communautedes3rivieres.fr\/wp-content\/uploads\/2021\/11\/cropped-logo300x211gros-3-1.png","contentUrl":"https:\/\/www.communautedes3rivieres.fr\/wp-content\/uploads\/2021\/11\/cropped-logo300x211gros-3-1.png","width":330,"height":187,"caption":"Communaut\u00e9 des 3 Rivi\u00e8res"},"image":{"@id":"https:\/\/www.communautedes3rivieres.fr\/#\/schema\/logo\/image\/"}}]}},"_links":{"self":[{"href":"https:\/\/www.communautedes3rivieres.fr\/index.php?rest_route=\/wp\/v2\/pages\/96","targetHints":{"allow":["GET"]}}],"collection":[{"href":"https:\/\/www.communautedes3rivieres.fr\/index.php?rest_route=\/wp\/v2\/pages"}],"about":[{"href":"https:\/\/www.communautedes3rivieres.fr\/index.php?rest_route=\/wp\/v2\/types\/page"}],"author":[{"embeddable":true,"href":"https:\/\/www.communautedes3rivieres.fr\/index.php?rest_route=\/wp\/v2\/users\/2"}],"replies":[{"embeddable":true,"href":"https:\/\/www.communautedes3rivieres.fr\/index.php?rest_route=%2Fwp%2Fv2%2Fcomments&post=96"}],"version-history":[{"count":12,"href":"https:\/\/www.communautedes3rivieres.fr\/index.php?rest_route=\/wp\/v2\/pages\/96\/revisions"}],"predecessor-version":[{"id":335,"href":"https:\/\/www.communautedes3rivieres.fr\/index.php?rest_route=\/wp\/v2\/pages\/96\/revisions\/335"}],"wp:attachment":[{"href":"https:\/\/www.communautedes3rivieres.fr\/index.php?rest_route=%2Fwp%2Fv2%2Fmedia&parent=96"}],"curies":[{"name":"wp","href":"https:\/\/api.w.org\/{rel}","templated":true}]}}