{"id":561,"date":"2021-12-10T14:05:39","date_gmt":"2021-12-10T14:05:39","guid":{"rendered":"https:\/\/www.communautedes3rivieres.fr\/?page_id=561"},"modified":"2021-12-10T16:38:24","modified_gmt":"2021-12-10T16:38:24","slug":"561-2","status":"publish","type":"page","link":"https:\/\/www.communautedes3rivieres.fr\/?page_id=561","title":{"rendered":"Mentions l\u00e9gales CNIL"},"content":{"rendered":"\n<h3 class=\"wp-block-heading\"><strong><em>Mentions l\u00e9gales CNIL<\/em><\/strong><\/h3>\n\n\n\n<p>Les informations recueillies font l&#8217;objet d&#8217;un traitement informatique destin\u00e9 au traitement de votre demande. Le destinataire des donn\u00e9es est la Communaut\u00e9 des 3 Rivi\u00e8res. Conform\u00e9ment \u00e0 la loi \u00ab informatique et libert\u00e9s \u00bb du 6 janvier 1978 modifi\u00e9e en 2004, vous b\u00e9n\u00e9ficiez d&#8217;un droit d&#8217;acc\u00e8s et de rectification aux informations qui vous concernent, que vous pouvez exercer en vous adressant \u00e0 Communaut\u00e9 des 3 Rivi\u00e8res au 13 avenue de la Gare \u00e0 Marcilly sur Tille. Vous pouvez \u00e9galement, pour des motifs l\u00e9gitimes, vous opposer au traitement des donn\u00e9es vous concernant. Vous avez \u00e9galement le droit de vous inscrire sur la liste d\u2019opposition au d\u00e9marchage t\u00e9l\u00e9phonique.<\/p>\n","protected":false},"excerpt":{"rendered":"<p>Mentions l\u00e9gales CNIL Les informations recueillies font l&#8217;objet d&#8217;un traitement informatique destin\u00e9 au traitement de votre demande. Le destinataire des donn\u00e9es est la Communaut\u00e9 des&hellip;<\/p>\n","protected":false},"author":2,"featured_media":0,"parent":0,"menu_order":0,"comment_status":"closed","ping_status":"closed","template":"","meta":{"footnotes":""},"class_list":["post-561","page","type-page","status-publish","hentry"],"yoast_head":"<!-- This site is optimized with the Yoast SEO plugin v27.2 - https:\/\/yoast.com\/product\/yoast-seo-wordpress\/ -->\n<title>Mentions l\u00e9gales CNIL - La Communaut\u00e9 des 3 Rivi\u00e8res<\/title>\n<meta name=\"robots\" content=\"index, follow, max-snippet:-1, max-image-preview:large, max-video-preview:-1\" \/>\n<link rel=\"canonical\" href=\"https:\/\/www.communautedes3rivieres.fr\/?page_id=561\" \/>\n<meta property=\"og:locale\" content=\"fr_FR\" \/>\n<meta property=\"og:type\" content=\"article\" \/>\n<meta property=\"og:title\" content=\"Mentions l\u00e9gales CNIL - La Communaut\u00e9 des 3 Rivi\u00e8res\" \/>\n<meta property=\"og:description\" content=\"Mentions l\u00e9gales CNIL Les informations recueillies font l&#8217;objet d&#8217;un traitement informatique destin\u00e9 au traitement de votre demande. Le destinataire des donn\u00e9es est la Communaut\u00e9 des&hellip;\" \/>\n<meta property=\"og:url\" content=\"https:\/\/www.communautedes3rivieres.fr\/?page_id=561\" \/>\n<meta property=\"og:site_name\" content=\"La Communaut\u00e9 des 3 Rivi\u00e8res\" \/>\n<meta property=\"article:modified_time\" content=\"2021-12-10T16:38:24+00:00\" \/>\n<meta name=\"twitter:card\" content=\"summary_large_image\" \/>\n<meta name=\"twitter:label1\" content=\"Dur\u00e9e de lecture estim\u00e9e\" \/>\n\t<meta name=\"twitter:data1\" content=\"1 minute\" \/>\n<script type=\"application\/ld+json\" class=\"yoast-schema-graph\">{\"@context\":\"https:\/\/schema.org\",\"@graph\":[{\"@type\":\"WebPage\",\"@id\":\"https:\/\/www.communautedes3rivieres.fr\/?page_id=561\",\"url\":\"https:\/\/www.communautedes3rivieres.fr\/?page_id=561\",\"name\":\"Mentions l\u00e9gales CNIL - La Communaut\u00e9 des 3 Rivi\u00e8res\",\"isPartOf\":{\"@id\":\"https:\/\/www.communautedes3rivieres.fr\/#website\"},\"datePublished\":\"2021-12-10T14:05:39+00:00\",\"dateModified\":\"2021-12-10T16:38:24+00:00\",\"breadcrumb\":{\"@id\":\"https:\/\/www.communautedes3rivieres.fr\/?page_id=561#breadcrumb\"},\"inLanguage\":\"fr-FR\",\"potentialAction\":[{\"@type\":\"ReadAction\",\"target\":[\"https:\/\/www.communautedes3rivieres.fr\/?page_id=561\"]}]},{\"@type\":\"BreadcrumbList\",\"@id\":\"https:\/\/www.communautedes3rivieres.fr\/?page_id=561#breadcrumb\",\"itemListElement\":[{\"@type\":\"ListItem\",\"position\":1,\"name\":\"La Communaut\u00e9\",\"item\":\"https:\/\/www.communautedes3rivieres.fr\/\"},{\"@type\":\"ListItem\",\"position\":2,\"name\":\"Mentions l\u00e9gales CNIL\"}]},{\"@type\":\"WebSite\",\"@id\":\"https:\/\/www.communautedes3rivieres.fr\/#website\",\"url\":\"https:\/\/www.communautedes3rivieres.fr\/\",\"name\":\"La Communaut\u00e9 des 3 Rivi\u00e8res\",\"description\":\"Le site de la Communaut\u00e9\",\"publisher\":{\"@id\":\"https:\/\/www.communautedes3rivieres.fr\/#organization\"},\"potentialAction\":[{\"@type\":\"SearchAction\",\"target\":{\"@type\":\"EntryPoint\",\"urlTemplate\":\"https:\/\/www.communautedes3rivieres.fr\/?s={search_term_string}\"},\"query-input\":{\"@type\":\"PropertyValueSpecification\",\"valueRequired\":true,\"valueName\":\"search_term_string\"}}],\"inLanguage\":\"fr-FR\"},{\"@type\":\"Organization\",\"@id\":\"https:\/\/www.communautedes3rivieres.fr\/#organization\",\"name\":\"Communaut\u00e9 des 3 Rivi\u00e8res\",\"url\":\"https:\/\/www.communautedes3rivieres.fr\/\",\"logo\":{\"@type\":\"ImageObject\",\"inLanguage\":\"fr-FR\",\"@id\":\"https:\/\/www.communautedes3rivieres.fr\/#\/schema\/logo\/image\/\",\"url\":\"https:\/\/www.communautedes3rivieres.fr\/wp-content\/uploads\/2021\/11\/cropped-logo300x211gros-3-1.png\",\"contentUrl\":\"https:\/\/www.communautedes3rivieres.fr\/wp-content\/uploads\/2021\/11\/cropped-logo300x211gros-3-1.png\",\"width\":330,\"height\":187,\"caption\":\"Communaut\u00e9 des 3 Rivi\u00e8res\"},\"image\":{\"@id\":\"https:\/\/www.communautedes3rivieres.fr\/#\/schema\/logo\/image\/\"}}]}<\/script>\n<!-- \/ Yoast SEO plugin. -->","yoast_head_json":{"title":"Mentions l\u00e9gales CNIL - La Communaut\u00e9 des 3 Rivi\u00e8res","robots":{"index":"index","follow":"follow","max-snippet":"max-snippet:-1","max-image-preview":"max-image-preview:large","max-video-preview":"max-video-preview:-1"},"canonical":"https:\/\/www.communautedes3rivieres.fr\/?page_id=561","og_locale":"fr_FR","og_type":"article","og_title":"Mentions l\u00e9gales CNIL - La Communaut\u00e9 des 3 Rivi\u00e8res","og_description":"Mentions l\u00e9gales CNIL Les informations recueillies font l&#8217;objet d&#8217;un traitement informatique destin\u00e9 au traitement de votre demande. Le destinataire des donn\u00e9es est la Communaut\u00e9 des&hellip;","og_url":"https:\/\/www.communautedes3rivieres.fr\/?page_id=561","og_site_name":"La Communaut\u00e9 des 3 Rivi\u00e8res","article_modified_time":"2021-12-10T16:38:24+00:00","twitter_card":"summary_large_image","twitter_misc":{"Dur\u00e9e de lecture estim\u00e9e":"1 minute"},"schema":{"@context":"https:\/\/schema.org","@graph":[{"@type":"WebPage","@id":"https:\/\/www.communautedes3rivieres.fr\/?page_id=561","url":"https:\/\/www.communautedes3rivieres.fr\/?page_id=561","name":"Mentions l\u00e9gales CNIL - La Communaut\u00e9 des 3 Rivi\u00e8res","isPartOf":{"@id":"https:\/\/www.communautedes3rivieres.fr\/#website"},"datePublished":"2021-12-10T14:05:39+00:00","dateModified":"2021-12-10T16:38:24+00:00","breadcrumb":{"@id":"https:\/\/www.communautedes3rivieres.fr\/?page_id=561#breadcrumb"},"inLanguage":"fr-FR","potentialAction":[{"@type":"ReadAction","target":["https:\/\/www.communautedes3rivieres.fr\/?page_id=561"]}]},{"@type":"BreadcrumbList","@id":"https:\/\/www.communautedes3rivieres.fr\/?page_id=561#breadcrumb","itemListElement":[{"@type":"ListItem","position":1,"name":"La Communaut\u00e9","item":"https:\/\/www.communautedes3rivieres.fr\/"},{"@type":"ListItem","position":2,"name":"Mentions l\u00e9gales CNIL"}]},{"@type":"WebSite","@id":"https:\/\/www.communautedes3rivieres.fr\/#website","url":"https:\/\/www.communautedes3rivieres.fr\/","name":"La Communaut\u00e9 des 3 Rivi\u00e8res","description":"Le site de la Communaut\u00e9","publisher":{"@id":"https:\/\/www.communautedes3rivieres.fr\/#organization"},"potentialAction":[{"@type":"SearchAction","target":{"@type":"EntryPoint","urlTemplate":"https:\/\/www.communautedes3rivieres.fr\/?s={search_term_string}"},"query-input":{"@type":"PropertyValueSpecification","valueRequired":true,"valueName":"search_term_string"}}],"inLanguage":"fr-FR"},{"@type":"Organization","@id":"https:\/\/www.communautedes3rivieres.fr\/#organization","name":"Communaut\u00e9 des 3 Rivi\u00e8res","url":"https:\/\/www.communautedes3rivieres.fr\/","logo":{"@type":"ImageObject","inLanguage":"fr-FR","@id":"https:\/\/www.communautedes3rivieres.fr\/#\/schema\/logo\/image\/","url":"https:\/\/www.communautedes3rivieres.fr\/wp-content\/uploads\/2021\/11\/cropped-logo300x211gros-3-1.png","contentUrl":"https:\/\/www.communautedes3rivieres.fr\/wp-content\/uploads\/2021\/11\/cropped-logo300x211gros-3-1.png","width":330,"height":187,"caption":"Communaut\u00e9 des 3 Rivi\u00e8res"},"image":{"@id":"https:\/\/www.communautedes3rivieres.fr\/#\/schema\/logo\/image\/"}}]}},"_links":{"self":[{"href":"https:\/\/www.communautedes3rivieres.fr\/index.php?rest_route=\/wp\/v2\/pages\/561","targetHints":{"allow":["GET"]}}],"collection":[{"href":"https:\/\/www.communautedes3rivieres.fr\/index.php?rest_route=\/wp\/v2\/pages"}],"about":[{"href":"https:\/\/www.communautedes3rivieres.fr\/index.php?rest_route=\/wp\/v2\/types\/page"}],"author":[{"embeddable":true,"href":"https:\/\/www.communautedes3rivieres.fr\/index.php?rest_route=\/wp\/v2\/users\/2"}],"replies":[{"embeddable":true,"href":"https:\/\/www.communautedes3rivieres.fr\/index.php?rest_route=%2Fwp%2Fv2%2Fcomments&post=561"}],"version-history":[{"count":2,"href":"https:\/\/www.communautedes3rivieres.fr\/index.php?rest_route=\/wp\/v2\/pages\/561\/revisions"}],"predecessor-version":[{"id":595,"href":"https:\/\/www.communautedes3rivieres.fr\/index.php?rest_route=\/wp\/v2\/pages\/561\/revisions\/595"}],"wp:attachment":[{"href":"https:\/\/www.communautedes3rivieres.fr\/index.php?rest_route=%2Fwp%2Fv2%2Fmedia&parent=561"}],"curies":[{"name":"wp","href":"https:\/\/api.w.org\/{rel}","templated":true}]}}