{"id":484,"date":"2021-12-08T19:49:19","date_gmt":"2021-12-08T19:49:19","guid":{"rendered":"https:\/\/www.communautedes3rivieres.fr\/?page_id=484"},"modified":"2021-12-15T17:10:39","modified_gmt":"2021-12-15T17:10:39","slug":"plan-du-site-3","status":"publish","type":"page","link":"https:\/\/www.communautedes3rivieres.fr\/?page_id=484","title":{"rendered":"Plan du site"},"content":{"rendered":"\n<h3 class=\"wp-block-heading\"><strong><em>Plan du site<\/em><\/strong><\/h3>\n\n\n<div class=\"sitemap_by_click5 v1042 ddsg-wrapper\" id=\"c5_sitemap_wrapper\"><h2>Pages<\/h2><ul class=\"sub c5_col1\"><li id=c5_sitemap_98 class=\"c5_child \"><a href=\"https:\/\/www.communautedes3rivieres.fr\/?page_id=98\">Accompagnement social<\/a><\/li><li id=c5_sitemap_176 class=\"c5_child \"><a href=\"https:\/\/www.communautedes3rivieres.fr\/?page_id=176\">Conventions<\/a><\/li><li id=c5_sitemap_2 class=\"c5_child \"><a href=\"https:\/\/www.communautedes3rivieres.fr\/\">La Communaut\u00e9<\/a><\/li><li id=c5_sitemap_348 class=\"c5_child \"><a href=\"https:\/\/www.communautedes3rivieres.fr\/?page_id=348\">Page facebook<\/a><\/li><li id=c5_sitemap_101 class=\"c5_child \"><a href=\"https:\/\/www.communautedes3rivieres.fr\/?page_id=101\">Archives<\/a><\/li><li id=c5_sitemap_94 class=\"c5_child \"><a href=\"https:\/\/www.communautedes3rivieres.fr\/?page_id=94\">Contacts-Horaires<\/a><\/li><li id=c5_sitemap_355 class=\"c5_child \"><a href=\"https:\/\/www.communautedes3rivieres.fr\/?page_id=355\">Modalit\u00e9s d'accueil<\/a><\/li><li id=c5_sitemap_363 class=\"c5_child \"><a href=\"https:\/\/www.communautedes3rivieres.fr\/?page_id=363\">Pr\u00e9sentation<\/a><\/li><li id=c5_sitemap_96 class=\"c5_child \"><a href=\"https:\/\/www.communautedes3rivieres.fr\/?page_id=96\">Acc\u00e8s<\/a><\/li><li id=c5_sitemap_100 class=\"c5_child \"><a href=\"https:\/\/www.communautedes3rivieres.fr\/?page_id=100\">Prestation de services<\/a><\/li><li id=c5_sitemap_97 class=\"c5_child \"><a href=\"https:\/\/www.communautedes3rivieres.fr\/?page_id=97\">Activit\u00e9s<\/a><\/li><li id=c5_sitemap_99 class=\"c5_child \"><a href=\"https:\/\/www.communautedes3rivieres.fr\/?page_id=99\">Travail \u00e0 la Communaut\u00e9<\/a><\/li><li id=c5_sitemap_170 class=\"c5_child \"><a href=\"https:\/\/www.communautedes3rivieres.fr\/?page_id=170\">Fonctionnement<\/a><\/li><li id=c5_sitemap_186 class=\"c5_child \"><a href=\"https:\/\/www.communautedes3rivieres.fr\/?page_id=186\">Bric \u00e0 brac<\/a><\/li><li id=c5_sitemap_181 class=\"c5_child \"><a href=\"https:\/\/www.communautedes3rivieres.fr\/?page_id=181\">Partenaires<\/a><\/li><\/ul><\/div>\n","protected":false},"excerpt":{"rendered":"<p>Plan du site<\/p>\n","protected":false},"author":2,"featured_media":0,"parent":0,"menu_order":0,"comment_status":"closed","ping_status":"closed","template":"","meta":{"footnotes":""},"class_list":["post-484","page","type-page","status-publish","hentry"],"yoast_head":"<!-- This site is optimized with the Yoast SEO plugin v27.2 - https:\/\/yoast.com\/product\/yoast-seo-wordpress\/ -->\n<title>Plan du site - La Communaut\u00e9 des 3 Rivi\u00e8res<\/title>\n<meta name=\"robots\" content=\"index, follow, max-snippet:-1, max-image-preview:large, max-video-preview:-1\" \/>\n<link rel=\"canonical\" href=\"https:\/\/www.communautedes3rivieres.fr\/?page_id=484\" \/>\n<meta property=\"og:locale\" content=\"fr_FR\" \/>\n<meta property=\"og:type\" content=\"article\" \/>\n<meta property=\"og:title\" content=\"Plan du site - La Communaut\u00e9 des 3 Rivi\u00e8res\" \/>\n<meta property=\"og:description\" content=\"Plan du site\" \/>\n<meta property=\"og:url\" content=\"https:\/\/www.communautedes3rivieres.fr\/?page_id=484\" \/>\n<meta property=\"og:site_name\" content=\"La Communaut\u00e9 des 3 Rivi\u00e8res\" \/>\n<meta property=\"article:modified_time\" content=\"2021-12-15T17:10:39+00:00\" \/>\n<meta name=\"twitter:card\" content=\"summary_large_image\" \/>\n<meta name=\"twitter:label1\" content=\"Dur\u00e9e de lecture estim\u00e9e\" \/>\n\t<meta name=\"twitter:data1\" content=\"1 minute\" \/>\n<script type=\"application\/ld+json\" class=\"yoast-schema-graph\">{\"@context\":\"https:\/\/schema.org\",\"@graph\":[{\"@type\":\"WebPage\",\"@id\":\"https:\/\/www.communautedes3rivieres.fr\/?page_id=484\",\"url\":\"https:\/\/www.communautedes3rivieres.fr\/?page_id=484\",\"name\":\"Plan du site - La Communaut\u00e9 des 3 Rivi\u00e8res\",\"isPartOf\":{\"@id\":\"https:\/\/www.communautedes3rivieres.fr\/#website\"},\"datePublished\":\"2021-12-08T19:49:19+00:00\",\"dateModified\":\"2021-12-15T17:10:39+00:00\",\"breadcrumb\":{\"@id\":\"https:\/\/www.communautedes3rivieres.fr\/?page_id=484#breadcrumb\"},\"inLanguage\":\"fr-FR\",\"potentialAction\":[{\"@type\":\"ReadAction\",\"target\":[\"https:\/\/www.communautedes3rivieres.fr\/?page_id=484\"]}]},{\"@type\":\"BreadcrumbList\",\"@id\":\"https:\/\/www.communautedes3rivieres.fr\/?page_id=484#breadcrumb\",\"itemListElement\":[{\"@type\":\"ListItem\",\"position\":1,\"name\":\"La Communaut\u00e9\",\"item\":\"https:\/\/www.communautedes3rivieres.fr\/\"},{\"@type\":\"ListItem\",\"position\":2,\"name\":\"Plan du site\"}]},{\"@type\":\"WebSite\",\"@id\":\"https:\/\/www.communautedes3rivieres.fr\/#website\",\"url\":\"https:\/\/www.communautedes3rivieres.fr\/\",\"name\":\"La Communaut\u00e9 des 3 Rivi\u00e8res\",\"description\":\"Le site de la Communaut\u00e9\",\"publisher\":{\"@id\":\"https:\/\/www.communautedes3rivieres.fr\/#organization\"},\"potentialAction\":[{\"@type\":\"SearchAction\",\"target\":{\"@type\":\"EntryPoint\",\"urlTemplate\":\"https:\/\/www.communautedes3rivieres.fr\/?s={search_term_string}\"},\"query-input\":{\"@type\":\"PropertyValueSpecification\",\"valueRequired\":true,\"valueName\":\"search_term_string\"}}],\"inLanguage\":\"fr-FR\"},{\"@type\":\"Organization\",\"@id\":\"https:\/\/www.communautedes3rivieres.fr\/#organization\",\"name\":\"Communaut\u00e9 des 3 Rivi\u00e8res\",\"url\":\"https:\/\/www.communautedes3rivieres.fr\/\",\"logo\":{\"@type\":\"ImageObject\",\"inLanguage\":\"fr-FR\",\"@id\":\"https:\/\/www.communautedes3rivieres.fr\/#\/schema\/logo\/image\/\",\"url\":\"https:\/\/www.communautedes3rivieres.fr\/wp-content\/uploads\/2021\/11\/cropped-logo300x211gros-3-1.png\",\"contentUrl\":\"https:\/\/www.communautedes3rivieres.fr\/wp-content\/uploads\/2021\/11\/cropped-logo300x211gros-3-1.png\",\"width\":330,\"height\":187,\"caption\":\"Communaut\u00e9 des 3 Rivi\u00e8res\"},\"image\":{\"@id\":\"https:\/\/www.communautedes3rivieres.fr\/#\/schema\/logo\/image\/\"}}]}<\/script>\n<!-- \/ Yoast SEO plugin. -->","yoast_head_json":{"title":"Plan du site - La Communaut\u00e9 des 3 Rivi\u00e8res","robots":{"index":"index","follow":"follow","max-snippet":"max-snippet:-1","max-image-preview":"max-image-preview:large","max-video-preview":"max-video-preview:-1"},"canonical":"https:\/\/www.communautedes3rivieres.fr\/?page_id=484","og_locale":"fr_FR","og_type":"article","og_title":"Plan du site - La Communaut\u00e9 des 3 Rivi\u00e8res","og_description":"Plan du site","og_url":"https:\/\/www.communautedes3rivieres.fr\/?page_id=484","og_site_name":"La Communaut\u00e9 des 3 Rivi\u00e8res","article_modified_time":"2021-12-15T17:10:39+00:00","twitter_card":"summary_large_image","twitter_misc":{"Dur\u00e9e de lecture estim\u00e9e":"1 minute"},"schema":{"@context":"https:\/\/schema.org","@graph":[{"@type":"WebPage","@id":"https:\/\/www.communautedes3rivieres.fr\/?page_id=484","url":"https:\/\/www.communautedes3rivieres.fr\/?page_id=484","name":"Plan du site - La Communaut\u00e9 des 3 Rivi\u00e8res","isPartOf":{"@id":"https:\/\/www.communautedes3rivieres.fr\/#website"},"datePublished":"2021-12-08T19:49:19+00:00","dateModified":"2021-12-15T17:10:39+00:00","breadcrumb":{"@id":"https:\/\/www.communautedes3rivieres.fr\/?page_id=484#breadcrumb"},"inLanguage":"fr-FR","potentialAction":[{"@type":"ReadAction","target":["https:\/\/www.communautedes3rivieres.fr\/?page_id=484"]}]},{"@type":"BreadcrumbList","@id":"https:\/\/www.communautedes3rivieres.fr\/?page_id=484#breadcrumb","itemListElement":[{"@type":"ListItem","position":1,"name":"La Communaut\u00e9","item":"https:\/\/www.communautedes3rivieres.fr\/"},{"@type":"ListItem","position":2,"name":"Plan du site"}]},{"@type":"WebSite","@id":"https:\/\/www.communautedes3rivieres.fr\/#website","url":"https:\/\/www.communautedes3rivieres.fr\/","name":"La Communaut\u00e9 des 3 Rivi\u00e8res","description":"Le site de la Communaut\u00e9","publisher":{"@id":"https:\/\/www.communautedes3rivieres.fr\/#organization"},"potentialAction":[{"@type":"SearchAction","target":{"@type":"EntryPoint","urlTemplate":"https:\/\/www.communautedes3rivieres.fr\/?s={search_term_string}"},"query-input":{"@type":"PropertyValueSpecification","valueRequired":true,"valueName":"search_term_string"}}],"inLanguage":"fr-FR"},{"@type":"Organization","@id":"https:\/\/www.communautedes3rivieres.fr\/#organization","name":"Communaut\u00e9 des 3 Rivi\u00e8res","url":"https:\/\/www.communautedes3rivieres.fr\/","logo":{"@type":"ImageObject","inLanguage":"fr-FR","@id":"https:\/\/www.communautedes3rivieres.fr\/#\/schema\/logo\/image\/","url":"https:\/\/www.communautedes3rivieres.fr\/wp-content\/uploads\/2021\/11\/cropped-logo300x211gros-3-1.png","contentUrl":"https:\/\/www.communautedes3rivieres.fr\/wp-content\/uploads\/2021\/11\/cropped-logo300x211gros-3-1.png","width":330,"height":187,"caption":"Communaut\u00e9 des 3 Rivi\u00e8res"},"image":{"@id":"https:\/\/www.communautedes3rivieres.fr\/#\/schema\/logo\/image\/"}}]}},"_links":{"self":[{"href":"https:\/\/www.communautedes3rivieres.fr\/index.php?rest_route=\/wp\/v2\/pages\/484","targetHints":{"allow":["GET"]}}],"collection":[{"href":"https:\/\/www.communautedes3rivieres.fr\/index.php?rest_route=\/wp\/v2\/pages"}],"about":[{"href":"https:\/\/www.communautedes3rivieres.fr\/index.php?rest_route=\/wp\/v2\/types\/page"}],"author":[{"embeddable":true,"href":"https:\/\/www.communautedes3rivieres.fr\/index.php?rest_route=\/wp\/v2\/users\/2"}],"replies":[{"embeddable":true,"href":"https:\/\/www.communautedes3rivieres.fr\/index.php?rest_route=%2Fwp%2Fv2%2Fcomments&post=484"}],"version-history":[{"count":6,"href":"https:\/\/www.communautedes3rivieres.fr\/index.php?rest_route=\/wp\/v2\/pages\/484\/revisions"}],"predecessor-version":[{"id":670,"href":"https:\/\/www.communautedes3rivieres.fr\/index.php?rest_route=\/wp\/v2\/pages\/484\/revisions\/670"}],"wp:attachment":[{"href":"https:\/\/www.communautedes3rivieres.fr\/index.php?rest_route=%2Fwp%2Fv2%2Fmedia&parent=484"}],"curies":[{"name":"wp","href":"https:\/\/api.w.org\/{rel}","templated":true}]}}