{"id":355,"date":"2021-12-08T09:54:39","date_gmt":"2021-12-08T09:54:39","guid":{"rendered":"https:\/\/www.communautedes3rivieres.fr\/?page_id=355"},"modified":"2021-12-08T09:59:24","modified_gmt":"2021-12-08T09:59:24","slug":"modalites-daccueil","status":"publish","type":"page","link":"https:\/\/www.communautedes3rivieres.fr\/?page_id=355","title":{"rendered":"Modalit\u00e9s d&#8217;accueil"},"content":{"rendered":"\n<div class=\"wp-block-media-text alignwide is-stacked-on-mobile\" style=\"grid-template-columns:44% auto\"><figure class=\"wp-block-media-text__media\"><img loading=\"lazy\" decoding=\"async\" width=\"767\" height=\"1023\" src=\"https:\/\/www.communautedes3rivieres.fr\/wp-content\/uploads\/2021\/12\/modalites-accueil.jpg\" alt=\"\" class=\"wp-image-356 size-full\" srcset=\"https:\/\/www.communautedes3rivieres.fr\/wp-content\/uploads\/2021\/12\/modalites-accueil.jpg 767w, https:\/\/www.communautedes3rivieres.fr\/wp-content\/uploads\/2021\/12\/modalites-accueil-225x300.jpg 225w\" sizes=\"auto, (max-width: 767px) 100vw, 767px\" \/><\/figure><div class=\"wp-block-media-text__content\">\n<h3 class=\"wp-block-heading\"><strong><em>Modalit\u00e9 d&#8217;accueil<\/em><\/strong><\/h3>\n\n\n\n<p>L\u2019accueil \u00e0 la communaut\u00e9 se fait par le Responsable.<\/p>\n\n\n\n<p>Il peut-\u00eatre de deux types :<\/p>\n\n\n\n<p>1. Si une personne se pr\u00e9sente seule, elle est accueillie en urgence pour un maximum de trois jours, dans un premier temps.\n<br>A la fin de ces trois jours, si la personne entre dans le cadre d\u2019accueil de la communaut\u00e9 (RSA ou pouvant b\u00e9n\u00e9ficier du RSA et \u00eatre ressortissant de C\u00f4te d\u2019Or), elle peut s\u2019installer apr\u00e8s avoir eu un entretien avec le responsable. Elle doit signer la charte d\u2019accueil et le r\u00e8glement int\u00e9rieur. Sinon, une autre solution est recherch\u00e9e en commun.<\/p>\n\n\n\n<p>2. Si une personne est propos\u00e9e par un travailleur social, le responsable les re\u00e7oit lors d\u2019un entretien, et d\u00e9cide de la venue ou non de la personne demandeuse. Ce \u00ab choix \u00bb se fait en fonction du cadre d\u2019accueil de la Communaut\u00e9, des motivations, du projet de l\u2019individu, et de la constitution du groupe communautaire.\n<br>La personne dite&nbsp; \u00ab compagne ou compagnon \u00bb s\u2019engage \u00e0 verser \u00e0 l\u2019Association un \u00ab forfait de solidarit\u00e9 \u00bb mensuel pour participer \u00e0 sa prise en charge au sein de la Communaut\u00e9 (logement, eau, \u00e9lectricit\u00e9, chauffage, nourriture, suivi administratif, d\u00e9placements\u2026).&nbsp;<\/p>\n\n\n\n<p><strong>Il n&#8217;y a pas de limite de dur\u00e9e de s\u00e9jour. La compagne ou le compagnon est libre de partir quand il le d\u00e9sire.<\/strong><\/p>\n<\/div><\/div>\n","protected":false},"excerpt":{"rendered":"<p>Modalit\u00e9 d&#8217;accueil L\u2019accueil \u00e0 la communaut\u00e9 se fait par le Responsable. Il peut-\u00eatre de deux types : 1. Si une personne se pr\u00e9sente seule, elle&hellip;<\/p>\n","protected":false},"author":2,"featured_media":0,"parent":0,"menu_order":0,"comment_status":"closed","ping_status":"closed","template":"","meta":{"footnotes":""},"class_list":["post-355","page","type-page","status-publish","hentry"],"yoast_head":"<!-- This site is optimized with the Yoast SEO plugin v27.2 - https:\/\/yoast.com\/product\/yoast-seo-wordpress\/ -->\n<title>Modalit\u00e9s d&#039;accueil - La Communaut\u00e9 des 3 Rivi\u00e8res<\/title>\n<meta name=\"robots\" content=\"index, follow, max-snippet:-1, max-image-preview:large, max-video-preview:-1\" \/>\n<link rel=\"canonical\" href=\"https:\/\/www.communautedes3rivieres.fr\/?page_id=355\" \/>\n<meta property=\"og:locale\" content=\"fr_FR\" \/>\n<meta property=\"og:type\" content=\"article\" \/>\n<meta property=\"og:title\" content=\"Modalit\u00e9s d&#039;accueil - La Communaut\u00e9 des 3 Rivi\u00e8res\" \/>\n<meta property=\"og:description\" content=\"Modalit\u00e9 d&#8217;accueil L\u2019accueil \u00e0 la communaut\u00e9 se fait par le Responsable. Il peut-\u00eatre de deux types : 1. Si une personne se pr\u00e9sente seule, elle&hellip;\" \/>\n<meta property=\"og:url\" content=\"https:\/\/www.communautedes3rivieres.fr\/?page_id=355\" \/>\n<meta property=\"og:site_name\" content=\"La Communaut\u00e9 des 3 Rivi\u00e8res\" \/>\n<meta property=\"article:modified_time\" content=\"2021-12-08T09:59:24+00:00\" \/>\n<meta property=\"og:image\" content=\"https:\/\/www.communautedes3rivieres.fr\/wp-content\/uploads\/2021\/12\/modalites-accueil.jpg\" \/>\n<meta name=\"twitter:card\" content=\"summary_large_image\" \/>\n<meta name=\"twitter:label1\" content=\"Dur\u00e9e de lecture estim\u00e9e\" \/>\n\t<meta name=\"twitter:data1\" content=\"1 minute\" \/>\n<script type=\"application\/ld+json\" class=\"yoast-schema-graph\">{\"@context\":\"https:\/\/schema.org\",\"@graph\":[{\"@type\":\"WebPage\",\"@id\":\"https:\/\/www.communautedes3rivieres.fr\/?page_id=355\",\"url\":\"https:\/\/www.communautedes3rivieres.fr\/?page_id=355\",\"name\":\"Modalit\u00e9s d'accueil - La Communaut\u00e9 des 3 Rivi\u00e8res\",\"isPartOf\":{\"@id\":\"https:\/\/www.communautedes3rivieres.fr\/#website\"},\"primaryImageOfPage\":{\"@id\":\"https:\/\/www.communautedes3rivieres.fr\/?page_id=355#primaryimage\"},\"image\":{\"@id\":\"https:\/\/www.communautedes3rivieres.fr\/?page_id=355#primaryimage\"},\"thumbnailUrl\":\"https:\/\/www.communautedes3rivieres.fr\/wp-content\/uploads\/2021\/12\/modalites-accueil.jpg\",\"datePublished\":\"2021-12-08T09:54:39+00:00\",\"dateModified\":\"2021-12-08T09:59:24+00:00\",\"breadcrumb\":{\"@id\":\"https:\/\/www.communautedes3rivieres.fr\/?page_id=355#breadcrumb\"},\"inLanguage\":\"fr-FR\",\"potentialAction\":[{\"@type\":\"ReadAction\",\"target\":[\"https:\/\/www.communautedes3rivieres.fr\/?page_id=355\"]}]},{\"@type\":\"ImageObject\",\"inLanguage\":\"fr-FR\",\"@id\":\"https:\/\/www.communautedes3rivieres.fr\/?page_id=355#primaryimage\",\"url\":\"https:\/\/www.communautedes3rivieres.fr\/wp-content\/uploads\/2021\/12\/modalites-accueil.jpg\",\"contentUrl\":\"https:\/\/www.communautedes3rivieres.fr\/wp-content\/uploads\/2021\/12\/modalites-accueil.jpg\",\"width\":767,\"height\":1023},{\"@type\":\"BreadcrumbList\",\"@id\":\"https:\/\/www.communautedes3rivieres.fr\/?page_id=355#breadcrumb\",\"itemListElement\":[{\"@type\":\"ListItem\",\"position\":1,\"name\":\"La Communaut\u00e9\",\"item\":\"https:\/\/www.communautedes3rivieres.fr\/\"},{\"@type\":\"ListItem\",\"position\":2,\"name\":\"Modalit\u00e9s d&rsquo;accueil\"}]},{\"@type\":\"WebSite\",\"@id\":\"https:\/\/www.communautedes3rivieres.fr\/#website\",\"url\":\"https:\/\/www.communautedes3rivieres.fr\/\",\"name\":\"La Communaut\u00e9 des 3 Rivi\u00e8res\",\"description\":\"Le site de la Communaut\u00e9\",\"publisher\":{\"@id\":\"https:\/\/www.communautedes3rivieres.fr\/#organization\"},\"potentialAction\":[{\"@type\":\"SearchAction\",\"target\":{\"@type\":\"EntryPoint\",\"urlTemplate\":\"https:\/\/www.communautedes3rivieres.fr\/?s={search_term_string}\"},\"query-input\":{\"@type\":\"PropertyValueSpecification\",\"valueRequired\":true,\"valueName\":\"search_term_string\"}}],\"inLanguage\":\"fr-FR\"},{\"@type\":\"Organization\",\"@id\":\"https:\/\/www.communautedes3rivieres.fr\/#organization\",\"name\":\"Communaut\u00e9 des 3 Rivi\u00e8res\",\"url\":\"https:\/\/www.communautedes3rivieres.fr\/\",\"logo\":{\"@type\":\"ImageObject\",\"inLanguage\":\"fr-FR\",\"@id\":\"https:\/\/www.communautedes3rivieres.fr\/#\/schema\/logo\/image\/\",\"url\":\"https:\/\/www.communautedes3rivieres.fr\/wp-content\/uploads\/2021\/11\/cropped-logo300x211gros-3-1.png\",\"contentUrl\":\"https:\/\/www.communautedes3rivieres.fr\/wp-content\/uploads\/2021\/11\/cropped-logo300x211gros-3-1.png\",\"width\":330,\"height\":187,\"caption\":\"Communaut\u00e9 des 3 Rivi\u00e8res\"},\"image\":{\"@id\":\"https:\/\/www.communautedes3rivieres.fr\/#\/schema\/logo\/image\/\"}}]}<\/script>\n<!-- \/ Yoast SEO plugin. -->","yoast_head_json":{"title":"Modalit\u00e9s d'accueil - La Communaut\u00e9 des 3 Rivi\u00e8res","robots":{"index":"index","follow":"follow","max-snippet":"max-snippet:-1","max-image-preview":"max-image-preview:large","max-video-preview":"max-video-preview:-1"},"canonical":"https:\/\/www.communautedes3rivieres.fr\/?page_id=355","og_locale":"fr_FR","og_type":"article","og_title":"Modalit\u00e9s d'accueil - La Communaut\u00e9 des 3 Rivi\u00e8res","og_description":"Modalit\u00e9 d&#8217;accueil L\u2019accueil \u00e0 la communaut\u00e9 se fait par le Responsable. Il peut-\u00eatre de deux types : 1. Si une personne se pr\u00e9sente seule, elle&hellip;","og_url":"https:\/\/www.communautedes3rivieres.fr\/?page_id=355","og_site_name":"La Communaut\u00e9 des 3 Rivi\u00e8res","article_modified_time":"2021-12-08T09:59:24+00:00","og_image":[{"url":"https:\/\/www.communautedes3rivieres.fr\/wp-content\/uploads\/2021\/12\/modalites-accueil.jpg","type":"","width":"","height":""}],"twitter_card":"summary_large_image","twitter_misc":{"Dur\u00e9e de lecture estim\u00e9e":"1 minute"},"schema":{"@context":"https:\/\/schema.org","@graph":[{"@type":"WebPage","@id":"https:\/\/www.communautedes3rivieres.fr\/?page_id=355","url":"https:\/\/www.communautedes3rivieres.fr\/?page_id=355","name":"Modalit\u00e9s d'accueil - La Communaut\u00e9 des 3 Rivi\u00e8res","isPartOf":{"@id":"https:\/\/www.communautedes3rivieres.fr\/#website"},"primaryImageOfPage":{"@id":"https:\/\/www.communautedes3rivieres.fr\/?page_id=355#primaryimage"},"image":{"@id":"https:\/\/www.communautedes3rivieres.fr\/?page_id=355#primaryimage"},"thumbnailUrl":"https:\/\/www.communautedes3rivieres.fr\/wp-content\/uploads\/2021\/12\/modalites-accueil.jpg","datePublished":"2021-12-08T09:54:39+00:00","dateModified":"2021-12-08T09:59:24+00:00","breadcrumb":{"@id":"https:\/\/www.communautedes3rivieres.fr\/?page_id=355#breadcrumb"},"inLanguage":"fr-FR","potentialAction":[{"@type":"ReadAction","target":["https:\/\/www.communautedes3rivieres.fr\/?page_id=355"]}]},{"@type":"ImageObject","inLanguage":"fr-FR","@id":"https:\/\/www.communautedes3rivieres.fr\/?page_id=355#primaryimage","url":"https:\/\/www.communautedes3rivieres.fr\/wp-content\/uploads\/2021\/12\/modalites-accueil.jpg","contentUrl":"https:\/\/www.communautedes3rivieres.fr\/wp-content\/uploads\/2021\/12\/modalites-accueil.jpg","width":767,"height":1023},{"@type":"BreadcrumbList","@id":"https:\/\/www.communautedes3rivieres.fr\/?page_id=355#breadcrumb","itemListElement":[{"@type":"ListItem","position":1,"name":"La Communaut\u00e9","item":"https:\/\/www.communautedes3rivieres.fr\/"},{"@type":"ListItem","position":2,"name":"Modalit\u00e9s d&rsquo;accueil"}]},{"@type":"WebSite","@id":"https:\/\/www.communautedes3rivieres.fr\/#website","url":"https:\/\/www.communautedes3rivieres.fr\/","name":"La Communaut\u00e9 des 3 Rivi\u00e8res","description":"Le site de la Communaut\u00e9","publisher":{"@id":"https:\/\/www.communautedes3rivieres.fr\/#organization"},"potentialAction":[{"@type":"SearchAction","target":{"@type":"EntryPoint","urlTemplate":"https:\/\/www.communautedes3rivieres.fr\/?s={search_term_string}"},"query-input":{"@type":"PropertyValueSpecification","valueRequired":true,"valueName":"search_term_string"}}],"inLanguage":"fr-FR"},{"@type":"Organization","@id":"https:\/\/www.communautedes3rivieres.fr\/#organization","name":"Communaut\u00e9 des 3 Rivi\u00e8res","url":"https:\/\/www.communautedes3rivieres.fr\/","logo":{"@type":"ImageObject","inLanguage":"fr-FR","@id":"https:\/\/www.communautedes3rivieres.fr\/#\/schema\/logo\/image\/","url":"https:\/\/www.communautedes3rivieres.fr\/wp-content\/uploads\/2021\/11\/cropped-logo300x211gros-3-1.png","contentUrl":"https:\/\/www.communautedes3rivieres.fr\/wp-content\/uploads\/2021\/11\/cropped-logo300x211gros-3-1.png","width":330,"height":187,"caption":"Communaut\u00e9 des 3 Rivi\u00e8res"},"image":{"@id":"https:\/\/www.communautedes3rivieres.fr\/#\/schema\/logo\/image\/"}}]}},"_links":{"self":[{"href":"https:\/\/www.communautedes3rivieres.fr\/index.php?rest_route=\/wp\/v2\/pages\/355","targetHints":{"allow":["GET"]}}],"collection":[{"href":"https:\/\/www.communautedes3rivieres.fr\/index.php?rest_route=\/wp\/v2\/pages"}],"about":[{"href":"https:\/\/www.communautedes3rivieres.fr\/index.php?rest_route=\/wp\/v2\/types\/page"}],"author":[{"embeddable":true,"href":"https:\/\/www.communautedes3rivieres.fr\/index.php?rest_route=\/wp\/v2\/users\/2"}],"replies":[{"embeddable":true,"href":"https:\/\/www.communautedes3rivieres.fr\/index.php?rest_route=%2Fwp%2Fv2%2Fcomments&post=355"}],"version-history":[{"count":3,"href":"https:\/\/www.communautedes3rivieres.fr\/index.php?rest_route=\/wp\/v2\/pages\/355\/revisions"}],"predecessor-version":[{"id":361,"href":"https:\/\/www.communautedes3rivieres.fr\/index.php?rest_route=\/wp\/v2\/pages\/355\/revisions\/361"}],"wp:attachment":[{"href":"https:\/\/www.communautedes3rivieres.fr\/index.php?rest_route=%2Fwp%2Fv2%2Fmedia&parent=355"}],"curies":[{"name":"wp","href":"https:\/\/api.w.org\/{rel}","templated":true}]}}