{"id":186,"date":"2021-12-07T14:14:29","date_gmt":"2021-12-07T14:14:29","guid":{"rendered":"https:\/\/www.communautedes3rivieres.fr\/?page_id=186"},"modified":"2024-04-09T15:55:25","modified_gmt":"2024-04-09T15:55:25","slug":"bric-a-brac","status":"publish","type":"page","link":"https:\/\/www.communautedes3rivieres.fr\/?page_id=186","title":{"rendered":"Bric \u00e0 brac"},"content":{"rendered":"\n<div class=\"wp-block-columns is-layout-flex wp-container-core-columns-is-layout-9d6595d7 wp-block-columns-is-layout-flex\">\n<div class=\"wp-block-column is-vertically-aligned-top is-layout-flow wp-block-column-is-layout-flow\" style=\"flex-basis:100%\">\n<div class=\"wp-block-columns is-layout-flex wp-container-core-columns-is-layout-9d6595d7 wp-block-columns-is-layout-flex\">\n<div class=\"wp-block-column is-layout-flow wp-block-column-is-layout-flow\">\n<h3 class=\"wp-block-heading\"><strong><em>Horaire du bric \u00e0 brac<\/em><\/strong><\/h3>\n\n\n\n<p>Le bric \u00e0 brac est ouvert uniquement&nbsp; les :<\/p>\n\n\n\n<p><strong>Mercredi<\/strong><\/p>\n\n\n\n<p><strong>Vendredi<\/strong><\/p>\n\n\n\n<p><strong>Samedi<\/strong><\/p>\n\n\n\n<p><\/p>\n\n\n\n<h4 class=\"wp-block-heading\"><strong>De <mark style=\"background-color:rgba(0, 0, 0, 0)\" class=\"has-inline-color has-vivid-red-color\">14h \u00e0 17h<\/mark><\/strong><\/h4>\n\n\n\n<p><\/p>\n\n\n\n<h3 class=\"wp-block-heading\"><strong><em>Organisation<\/em><\/strong><\/h3>\n\n\n\n<p>Le bric \u00e0 brac est compos\u00e9 de diff\u00e9rents postes :<\/p>\n\n\n\n<ul class=\"wp-block-list\">\n<li>Meubles<\/li>\n\n\n\n<li>Fripes<\/li>\n\n\n\n<li>Brocante<\/li>\n\n\n\n<li>Livres, disques<\/li>\n\n\n\n<li>Vaisselle<\/li>\n\n\n\n<li>Electrom\u00e9nager<\/li>\n\n\n\n<li>Jouets<\/li>\n\n\n\n<li>Bric ext\u00e9rieur<\/li>\n<\/ul>\n<\/div>\n<\/div>\n<\/div>\n<\/div>\n\n\n\n<h3 class=\"wp-block-heading\"><strong><em>Animation de No\u00ebl<\/em><\/strong><\/h3>\n\n\n\n<figure class=\"wp-block-embed is-type-video is-provider-youtube wp-block-embed-youtube wp-embed-aspect-16-9 wp-has-aspect-ratio\"><div class=\"wp-block-embed__wrapper\">\n<iframe loading=\"lazy\" title=\"Bric Noel\" width=\"843\" height=\"474\" src=\"https:\/\/www.youtube.com\/embed\/SPMI4doW5XI?feature=oembed\" frameborder=\"0\" allow=\"accelerometer; autoplay; clipboard-write; encrypted-media; gyroscope; picture-in-picture; web-share\" referrerpolicy=\"strict-origin-when-cross-origin\" allowfullscreen><\/iframe>\n<\/div><\/figure>\n\n\n\n<h3 class=\"wp-block-heading\"><strong><em>S\u00e9lection d&#8217;objets grande vente 2019<\/em><\/strong><\/h3>\n\n\n\n\n","protected":false},"excerpt":{"rendered":"<p>Horaire du bric \u00e0 brac Le bric \u00e0 brac est ouvert uniquement&nbsp; les : Mercredi Vendredi Samedi De 14h \u00e0 17h Organisation Le bric \u00e0&hellip;<\/p>\n","protected":false},"author":2,"featured_media":0,"parent":0,"menu_order":0,"comment_status":"closed","ping_status":"closed","template":"","meta":{"footnotes":""},"class_list":["post-186","page","type-page","status-publish","hentry"],"yoast_head":"<!-- This site is optimized with the Yoast SEO plugin v27.2 - https:\/\/yoast.com\/product\/yoast-seo-wordpress\/ -->\n<title>Bric \u00e0 brac - La Communaut\u00e9 des 3 Rivi\u00e8res<\/title>\n<meta name=\"robots\" content=\"index, follow, max-snippet:-1, max-image-preview:large, max-video-preview:-1\" \/>\n<link rel=\"canonical\" href=\"https:\/\/www.communautedes3rivieres.fr\/?page_id=186\" \/>\n<meta property=\"og:locale\" content=\"fr_FR\" \/>\n<meta property=\"og:type\" content=\"article\" \/>\n<meta property=\"og:title\" content=\"Bric \u00e0 brac - La Communaut\u00e9 des 3 Rivi\u00e8res\" \/>\n<meta property=\"og:description\" content=\"Horaire du bric \u00e0 brac Le bric \u00e0 brac est ouvert uniquement&nbsp; les : Mercredi Vendredi Samedi De 14h \u00e0 17h Organisation Le bric \u00e0&hellip;\" \/>\n<meta property=\"og:url\" content=\"https:\/\/www.communautedes3rivieres.fr\/?page_id=186\" \/>\n<meta property=\"og:site_name\" content=\"La Communaut\u00e9 des 3 Rivi\u00e8res\" \/>\n<meta property=\"article:modified_time\" content=\"2024-04-09T15:55:25+00:00\" \/>\n<meta name=\"twitter:card\" content=\"summary_large_image\" \/>\n<meta name=\"twitter:label1\" content=\"Dur\u00e9e de lecture estim\u00e9e\" \/>\n\t<meta name=\"twitter:data1\" content=\"1 minute\" \/>\n<script type=\"application\/ld+json\" class=\"yoast-schema-graph\">{\"@context\":\"https:\/\/schema.org\",\"@graph\":[{\"@type\":\"WebPage\",\"@id\":\"https:\/\/www.communautedes3rivieres.fr\/?page_id=186\",\"url\":\"https:\/\/www.communautedes3rivieres.fr\/?page_id=186\",\"name\":\"Bric \u00e0 brac - La Communaut\u00e9 des 3 Rivi\u00e8res\",\"isPartOf\":{\"@id\":\"https:\/\/www.communautedes3rivieres.fr\/#website\"},\"datePublished\":\"2021-12-07T14:14:29+00:00\",\"dateModified\":\"2024-04-09T15:55:25+00:00\",\"breadcrumb\":{\"@id\":\"https:\/\/www.communautedes3rivieres.fr\/?page_id=186#breadcrumb\"},\"inLanguage\":\"fr-FR\",\"potentialAction\":[{\"@type\":\"ReadAction\",\"target\":[\"https:\/\/www.communautedes3rivieres.fr\/?page_id=186\"]}]},{\"@type\":\"BreadcrumbList\",\"@id\":\"https:\/\/www.communautedes3rivieres.fr\/?page_id=186#breadcrumb\",\"itemListElement\":[{\"@type\":\"ListItem\",\"position\":1,\"name\":\"La Communaut\u00e9\",\"item\":\"https:\/\/www.communautedes3rivieres.fr\/\"},{\"@type\":\"ListItem\",\"position\":2,\"name\":\"Bric \u00e0 brac\"}]},{\"@type\":\"WebSite\",\"@id\":\"https:\/\/www.communautedes3rivieres.fr\/#website\",\"url\":\"https:\/\/www.communautedes3rivieres.fr\/\",\"name\":\"La Communaut\u00e9 des 3 Rivi\u00e8res\",\"description\":\"Le site de la Communaut\u00e9\",\"publisher\":{\"@id\":\"https:\/\/www.communautedes3rivieres.fr\/#organization\"},\"potentialAction\":[{\"@type\":\"SearchAction\",\"target\":{\"@type\":\"EntryPoint\",\"urlTemplate\":\"https:\/\/www.communautedes3rivieres.fr\/?s={search_term_string}\"},\"query-input\":{\"@type\":\"PropertyValueSpecification\",\"valueRequired\":true,\"valueName\":\"search_term_string\"}}],\"inLanguage\":\"fr-FR\"},{\"@type\":\"Organization\",\"@id\":\"https:\/\/www.communautedes3rivieres.fr\/#organization\",\"name\":\"Communaut\u00e9 des 3 Rivi\u00e8res\",\"url\":\"https:\/\/www.communautedes3rivieres.fr\/\",\"logo\":{\"@type\":\"ImageObject\",\"inLanguage\":\"fr-FR\",\"@id\":\"https:\/\/www.communautedes3rivieres.fr\/#\/schema\/logo\/image\/\",\"url\":\"https:\/\/www.communautedes3rivieres.fr\/wp-content\/uploads\/2021\/11\/cropped-logo300x211gros-3-1.png\",\"contentUrl\":\"https:\/\/www.communautedes3rivieres.fr\/wp-content\/uploads\/2021\/11\/cropped-logo300x211gros-3-1.png\",\"width\":330,\"height\":187,\"caption\":\"Communaut\u00e9 des 3 Rivi\u00e8res\"},\"image\":{\"@id\":\"https:\/\/www.communautedes3rivieres.fr\/#\/schema\/logo\/image\/\"}}]}<\/script>\n<!-- \/ Yoast SEO plugin. -->","yoast_head_json":{"title":"Bric \u00e0 brac - La Communaut\u00e9 des 3 Rivi\u00e8res","robots":{"index":"index","follow":"follow","max-snippet":"max-snippet:-1","max-image-preview":"max-image-preview:large","max-video-preview":"max-video-preview:-1"},"canonical":"https:\/\/www.communautedes3rivieres.fr\/?page_id=186","og_locale":"fr_FR","og_type":"article","og_title":"Bric \u00e0 brac - La Communaut\u00e9 des 3 Rivi\u00e8res","og_description":"Horaire du bric \u00e0 brac Le bric \u00e0 brac est ouvert uniquement&nbsp; les : Mercredi Vendredi Samedi De 14h \u00e0 17h Organisation Le bric \u00e0&hellip;","og_url":"https:\/\/www.communautedes3rivieres.fr\/?page_id=186","og_site_name":"La Communaut\u00e9 des 3 Rivi\u00e8res","article_modified_time":"2024-04-09T15:55:25+00:00","twitter_card":"summary_large_image","twitter_misc":{"Dur\u00e9e de lecture estim\u00e9e":"1 minute"},"schema":{"@context":"https:\/\/schema.org","@graph":[{"@type":"WebPage","@id":"https:\/\/www.communautedes3rivieres.fr\/?page_id=186","url":"https:\/\/www.communautedes3rivieres.fr\/?page_id=186","name":"Bric \u00e0 brac - La Communaut\u00e9 des 3 Rivi\u00e8res","isPartOf":{"@id":"https:\/\/www.communautedes3rivieres.fr\/#website"},"datePublished":"2021-12-07T14:14:29+00:00","dateModified":"2024-04-09T15:55:25+00:00","breadcrumb":{"@id":"https:\/\/www.communautedes3rivieres.fr\/?page_id=186#breadcrumb"},"inLanguage":"fr-FR","potentialAction":[{"@type":"ReadAction","target":["https:\/\/www.communautedes3rivieres.fr\/?page_id=186"]}]},{"@type":"BreadcrumbList","@id":"https:\/\/www.communautedes3rivieres.fr\/?page_id=186#breadcrumb","itemListElement":[{"@type":"ListItem","position":1,"name":"La Communaut\u00e9","item":"https:\/\/www.communautedes3rivieres.fr\/"},{"@type":"ListItem","position":2,"name":"Bric \u00e0 brac"}]},{"@type":"WebSite","@id":"https:\/\/www.communautedes3rivieres.fr\/#website","url":"https:\/\/www.communautedes3rivieres.fr\/","name":"La Communaut\u00e9 des 3 Rivi\u00e8res","description":"Le site de la Communaut\u00e9","publisher":{"@id":"https:\/\/www.communautedes3rivieres.fr\/#organization"},"potentialAction":[{"@type":"SearchAction","target":{"@type":"EntryPoint","urlTemplate":"https:\/\/www.communautedes3rivieres.fr\/?s={search_term_string}"},"query-input":{"@type":"PropertyValueSpecification","valueRequired":true,"valueName":"search_term_string"}}],"inLanguage":"fr-FR"},{"@type":"Organization","@id":"https:\/\/www.communautedes3rivieres.fr\/#organization","name":"Communaut\u00e9 des 3 Rivi\u00e8res","url":"https:\/\/www.communautedes3rivieres.fr\/","logo":{"@type":"ImageObject","inLanguage":"fr-FR","@id":"https:\/\/www.communautedes3rivieres.fr\/#\/schema\/logo\/image\/","url":"https:\/\/www.communautedes3rivieres.fr\/wp-content\/uploads\/2021\/11\/cropped-logo300x211gros-3-1.png","contentUrl":"https:\/\/www.communautedes3rivieres.fr\/wp-content\/uploads\/2021\/11\/cropped-logo300x211gros-3-1.png","width":330,"height":187,"caption":"Communaut\u00e9 des 3 Rivi\u00e8res"},"image":{"@id":"https:\/\/www.communautedes3rivieres.fr\/#\/schema\/logo\/image\/"}}]}},"_links":{"self":[{"href":"https:\/\/www.communautedes3rivieres.fr\/index.php?rest_route=\/wp\/v2\/pages\/186","targetHints":{"allow":["GET"]}}],"collection":[{"href":"https:\/\/www.communautedes3rivieres.fr\/index.php?rest_route=\/wp\/v2\/pages"}],"about":[{"href":"https:\/\/www.communautedes3rivieres.fr\/index.php?rest_route=\/wp\/v2\/types\/page"}],"author":[{"embeddable":true,"href":"https:\/\/www.communautedes3rivieres.fr\/index.php?rest_route=\/wp\/v2\/users\/2"}],"replies":[{"embeddable":true,"href":"https:\/\/www.communautedes3rivieres.fr\/index.php?rest_route=%2Fwp%2Fv2%2Fcomments&post=186"}],"version-history":[{"count":25,"href":"https:\/\/www.communautedes3rivieres.fr\/index.php?rest_route=\/wp\/v2\/pages\/186\/revisions"}],"predecessor-version":[{"id":770,"href":"https:\/\/www.communautedes3rivieres.fr\/index.php?rest_route=\/wp\/v2\/pages\/186\/revisions\/770"}],"wp:attachment":[{"href":"https:\/\/www.communautedes3rivieres.fr\/index.php?rest_route=%2Fwp%2Fv2%2Fmedia&parent=186"}],"curies":[{"name":"wp","href":"https:\/\/api.w.org\/{rel}","templated":true}]}}