{"id":170,"date":"2021-12-07T14:02:23","date_gmt":"2021-12-07T14:02:23","guid":{"rendered":"https:\/\/www.communautedes3rivieres.fr\/?page_id=170"},"modified":"2025-09-02T13:49:57","modified_gmt":"2025-09-02T13:49:57","slug":"fonctionnement","status":"publish","type":"page","link":"https:\/\/www.communautedes3rivieres.fr\/?page_id=170","title":{"rendered":"Fonctionnement"},"content":{"rendered":"\n<div class=\"wp-block-columns is-layout-flex wp-container-core-columns-is-layout-9d6595d7 wp-block-columns-is-layout-flex\">\n<div class=\"wp-block-column is-layout-flow wp-block-column-is-layout-flow\">\n<h3 class=\"wp-block-heading\"><strong><em>Organisation interne<\/em><\/strong><\/h3>\n\n\n\n<p>Le bureau de l&#8217;Association Communautaire des 3 Rivi\u00e8res est compos\u00e9 de 3 personnes \u00e9lues par le Conseil d&#8217;Administration.<\/p>\n\n\n\n<p><strong>Composition du bureau&nbsp;<\/strong>:\n<br>&nbsp;&#8211; Pr\u00e9sident : Serge&nbsp;<strong>GARNIER<\/strong>\n<br>&nbsp;&#8211; Tr\u00e9sorier : Lucien&nbsp;<strong>GUENOT<\/strong><br>&nbsp;&#8211; S\u00e9cr\u00e9taire : Edmond&nbsp;<strong>PEIRERA<\/strong><\/p>\n\n\n\n<p><strong>Membres\u00a0Conseil d&#8217;Administration (11 membres) : <\/strong><br>Elisabeth CARMINATI, Annick GUENOT, Martine ROBIN, Dominique HUOT, Michel MONTMAYEUR, Georges SOLDATI, Christophe LAMBOLEZ, Gilbert ROBIN.<\/p>\n\n\n\n<p><strong>Membres\u00a0de droit : <\/strong><br>Les maires d&#8217;Is sur Tille et de Marcilly sur Tille.<\/p>\n\n\n\n<p><strong>Personnel salari\u00e9 de la Communaut\u00e9 :&nbsp;<\/strong>:\n<br>&nbsp;&#8211; Responsable : Agn\u00e8s&nbsp;<strong>Paquis<\/strong><br>&nbsp;&#8211; Responsable du travail : Gilles&nbsp;<strong>PAGOT<\/strong><br>&nbsp;&#8211; Cuisinier : &nbsp;Patrick<strong> BLANCHON<\/strong><\/p>\n<\/div>\n\n\n\n<div class=\"wp-block-column is-layout-flow wp-block-column-is-layout-flow\">\n<h3 class=\"wp-block-heading\"><strong><em>Les locaux<\/em><\/strong><\/h3>\n\n\n\n<p><strong>L\u2019h\u00e9bergement<\/strong>&nbsp;:<\/p>\n\n\n\n<ul class=\"wp-block-list\">\n<li>2 b\u00e2timents (anciennes \u00e9coles de MARCILLY SUR TILLE) situ\u00e9s au n\u00b02 et n\u00b04 Grande rue, r\u00e9nov\u00e9s par VILLEO&nbsp;&nbsp;et lou\u00e9s par la Communaut\u00e9, comprenant 13 logements ( de type T1 au T3 ) ainsi que la cuisine commune et la salle \u00e0 manger.<\/li>\n<\/ul>\n\n\n\n<ul class=\"wp-block-list\">\n<li>3 appartements ( 2 T1 et 1 T2 ) lou\u00e9s par la Communaut\u00e9 \u00e0 ORVITIS situ\u00e9s dans le lotissement de Maupertuis \u00e0&nbsp;&nbsp;Is sur Tille.<\/li>\n<\/ul>\n\n\n\n<p><strong>Travail<\/strong>&nbsp;:<\/p>\n\n\n\n<ul class=\"wp-block-list\">\n<li>Hangar de 680 m\u00b2 couvert, mis \u00e0 disposition par le Conseil D\u00e9partemental, comprenant le bric \u00e0 brac et le bureau&nbsp;, sur un terrain de 3 700 m\u00b2 situ\u00e9 au 13 avenue de la gare \u00e0 Marcilly sur Tille.<\/li>\n<\/ul>\n<\/div>\n<\/div>\n\n\n\n<h3 class=\"wp-block-heading\"><strong><em>Fonctionnement institutionnel<\/em><\/strong><\/h3>\n\n\n\n<p>La finalit\u00e9&nbsp; du projet institutionnel est de r\u00e9ins\u00e9rer des personnes en difficult\u00e9 qui ont besoin, pour un temps, d\u2019\u00eatre accueillies et h\u00e9berg\u00e9es dans un cadre de vie protecteur et socialisant, d\u00e9veloppant des actions diversifi\u00e9es et une dynamique communautaire.<\/p>\n\n\n\n<p>Pour certaines personnes, la r\u00e9insertion peut se faire au sein de la Communaut\u00e9, la Communaut\u00e9 devenant un lieu de vie.<\/p>\n\n\n\n<p>Ce projet s\u2019appuie&nbsp;:<\/p>\n\n\n\n<p><strong>1.&nbsp;sur le travail, comme moyen p\u00e9dagogique<\/strong>&nbsp;:&nbsp;<\/p>\n\n\n\n<ul class=\"wp-block-list\">\n<li>Remise au travail avec des rythmes et des horaires.<\/li>\n\n\n\n<li>Reprise des acquis existants.<\/li>\n\n\n\n<li>D\u00e9veloppement des comp\u00e9tences.<\/li>\n\n\n\n<li>Stabilit\u00e9 sur le poste de travail.<\/li>\n\n\n\n<li>Prise de responsabilit\u00e9, initiative.<\/li>\n\n\n\n<li>Autonomie.<\/li>\n\n\n\n<li>Gestion et organisation du travail.<\/li>\n\n\n\n<li>Formation.<\/li>\n<\/ul>\n\n\n\n<p><strong>2.&nbsp;sur la vie communautaire&nbsp;<\/strong>:<\/p>\n\n\n\n<ul class=\"wp-block-list\">\n<li>Respect de soi et de l\u2019autre.<\/li>\n\n\n\n<li>Activit\u00e9 en commun.<\/li>\n\n\n\n<li>Soutien.<\/li>\n\n\n\n<li>Aides.<\/li>\n\n\n\n<li>Vie \u00ab&nbsp;familiale&nbsp;\u00bb, cadre s\u00e9curisant.<\/li>\n<\/ul>\n\n\n\n<p>Les personnes accueillies \u00e0 la Communaut\u00e9 n\u2019ont pas toutes le m\u00eame v\u00e9cu, les m\u00eames capacit\u00e9s, les m\u00eames habitudes de vie ou de travail. La Communaut\u00e9 doit \u00eatre un lieu ou chacun puisse pour un temps, y trouver sa place, \u00eatre reconnu avec ses moyens, ses qualit\u00e9s et ses difficult\u00e9s.<\/p>\n","protected":false},"excerpt":{"rendered":"<p>Organisation interne Le bureau de l&#8217;Association Communautaire des 3 Rivi\u00e8res est compos\u00e9 de 3 personnes \u00e9lues par le Conseil d&#8217;Administration. Composition du bureau&nbsp;: &nbsp;&#8211; Pr\u00e9sident&hellip;<\/p>\n","protected":false},"author":2,"featured_media":0,"parent":0,"menu_order":0,"comment_status":"closed","ping_status":"closed","template":"","meta":{"footnotes":""},"class_list":["post-170","page","type-page","status-publish","hentry"],"yoast_head":"<!-- This site is optimized with the Yoast SEO plugin v27.2 - https:\/\/yoast.com\/product\/yoast-seo-wordpress\/ -->\n<title>Fonctionnement - La Communaut\u00e9 des 3 Rivi\u00e8res<\/title>\n<meta name=\"robots\" content=\"index, follow, max-snippet:-1, max-image-preview:large, max-video-preview:-1\" \/>\n<link rel=\"canonical\" href=\"https:\/\/www.communautedes3rivieres.fr\/?page_id=170\" \/>\n<meta property=\"og:locale\" content=\"fr_FR\" \/>\n<meta property=\"og:type\" content=\"article\" \/>\n<meta property=\"og:title\" content=\"Fonctionnement - La Communaut\u00e9 des 3 Rivi\u00e8res\" \/>\n<meta property=\"og:description\" content=\"Organisation interne Le bureau de l&#8217;Association Communautaire des 3 Rivi\u00e8res est compos\u00e9 de 3 personnes \u00e9lues par le Conseil d&#8217;Administration. Composition du bureau&nbsp;: &nbsp;&#8211; Pr\u00e9sident&hellip;\" \/>\n<meta property=\"og:url\" content=\"https:\/\/www.communautedes3rivieres.fr\/?page_id=170\" \/>\n<meta property=\"og:site_name\" content=\"La Communaut\u00e9 des 3 Rivi\u00e8res\" \/>\n<meta property=\"article:modified_time\" content=\"2025-09-02T13:49:57+00:00\" \/>\n<meta name=\"twitter:card\" content=\"summary_large_image\" \/>\n<meta name=\"twitter:label1\" content=\"Dur\u00e9e de lecture estim\u00e9e\" \/>\n\t<meta name=\"twitter:data1\" content=\"2 minutes\" \/>\n<script type=\"application\/ld+json\" class=\"yoast-schema-graph\">{\"@context\":\"https:\/\/schema.org\",\"@graph\":[{\"@type\":\"WebPage\",\"@id\":\"https:\/\/www.communautedes3rivieres.fr\/?page_id=170\",\"url\":\"https:\/\/www.communautedes3rivieres.fr\/?page_id=170\",\"name\":\"Fonctionnement - La Communaut\u00e9 des 3 Rivi\u00e8res\",\"isPartOf\":{\"@id\":\"https:\/\/www.communautedes3rivieres.fr\/#website\"},\"datePublished\":\"2021-12-07T14:02:23+00:00\",\"dateModified\":\"2025-09-02T13:49:57+00:00\",\"breadcrumb\":{\"@id\":\"https:\/\/www.communautedes3rivieres.fr\/?page_id=170#breadcrumb\"},\"inLanguage\":\"fr-FR\",\"potentialAction\":[{\"@type\":\"ReadAction\",\"target\":[\"https:\/\/www.communautedes3rivieres.fr\/?page_id=170\"]}]},{\"@type\":\"BreadcrumbList\",\"@id\":\"https:\/\/www.communautedes3rivieres.fr\/?page_id=170#breadcrumb\",\"itemListElement\":[{\"@type\":\"ListItem\",\"position\":1,\"name\":\"La Communaut\u00e9\",\"item\":\"https:\/\/www.communautedes3rivieres.fr\/\"},{\"@type\":\"ListItem\",\"position\":2,\"name\":\"Fonctionnement\"}]},{\"@type\":\"WebSite\",\"@id\":\"https:\/\/www.communautedes3rivieres.fr\/#website\",\"url\":\"https:\/\/www.communautedes3rivieres.fr\/\",\"name\":\"La Communaut\u00e9 des 3 Rivi\u00e8res\",\"description\":\"Le site de la Communaut\u00e9\",\"publisher\":{\"@id\":\"https:\/\/www.communautedes3rivieres.fr\/#organization\"},\"potentialAction\":[{\"@type\":\"SearchAction\",\"target\":{\"@type\":\"EntryPoint\",\"urlTemplate\":\"https:\/\/www.communautedes3rivieres.fr\/?s={search_term_string}\"},\"query-input\":{\"@type\":\"PropertyValueSpecification\",\"valueRequired\":true,\"valueName\":\"search_term_string\"}}],\"inLanguage\":\"fr-FR\"},{\"@type\":\"Organization\",\"@id\":\"https:\/\/www.communautedes3rivieres.fr\/#organization\",\"name\":\"Communaut\u00e9 des 3 Rivi\u00e8res\",\"url\":\"https:\/\/www.communautedes3rivieres.fr\/\",\"logo\":{\"@type\":\"ImageObject\",\"inLanguage\":\"fr-FR\",\"@id\":\"https:\/\/www.communautedes3rivieres.fr\/#\/schema\/logo\/image\/\",\"url\":\"https:\/\/www.communautedes3rivieres.fr\/wp-content\/uploads\/2021\/11\/cropped-logo300x211gros-3-1.png\",\"contentUrl\":\"https:\/\/www.communautedes3rivieres.fr\/wp-content\/uploads\/2021\/11\/cropped-logo300x211gros-3-1.png\",\"width\":330,\"height\":187,\"caption\":\"Communaut\u00e9 des 3 Rivi\u00e8res\"},\"image\":{\"@id\":\"https:\/\/www.communautedes3rivieres.fr\/#\/schema\/logo\/image\/\"}}]}<\/script>\n<!-- \/ Yoast SEO plugin. -->","yoast_head_json":{"title":"Fonctionnement - La Communaut\u00e9 des 3 Rivi\u00e8res","robots":{"index":"index","follow":"follow","max-snippet":"max-snippet:-1","max-image-preview":"max-image-preview:large","max-video-preview":"max-video-preview:-1"},"canonical":"https:\/\/www.communautedes3rivieres.fr\/?page_id=170","og_locale":"fr_FR","og_type":"article","og_title":"Fonctionnement - La Communaut\u00e9 des 3 Rivi\u00e8res","og_description":"Organisation interne Le bureau de l&#8217;Association Communautaire des 3 Rivi\u00e8res est compos\u00e9 de 3 personnes \u00e9lues par le Conseil d&#8217;Administration. Composition du bureau&nbsp;: &nbsp;&#8211; Pr\u00e9sident&hellip;","og_url":"https:\/\/www.communautedes3rivieres.fr\/?page_id=170","og_site_name":"La Communaut\u00e9 des 3 Rivi\u00e8res","article_modified_time":"2025-09-02T13:49:57+00:00","twitter_card":"summary_large_image","twitter_misc":{"Dur\u00e9e de lecture estim\u00e9e":"2 minutes"},"schema":{"@context":"https:\/\/schema.org","@graph":[{"@type":"WebPage","@id":"https:\/\/www.communautedes3rivieres.fr\/?page_id=170","url":"https:\/\/www.communautedes3rivieres.fr\/?page_id=170","name":"Fonctionnement - La Communaut\u00e9 des 3 Rivi\u00e8res","isPartOf":{"@id":"https:\/\/www.communautedes3rivieres.fr\/#website"},"datePublished":"2021-12-07T14:02:23+00:00","dateModified":"2025-09-02T13:49:57+00:00","breadcrumb":{"@id":"https:\/\/www.communautedes3rivieres.fr\/?page_id=170#breadcrumb"},"inLanguage":"fr-FR","potentialAction":[{"@type":"ReadAction","target":["https:\/\/www.communautedes3rivieres.fr\/?page_id=170"]}]},{"@type":"BreadcrumbList","@id":"https:\/\/www.communautedes3rivieres.fr\/?page_id=170#breadcrumb","itemListElement":[{"@type":"ListItem","position":1,"name":"La Communaut\u00e9","item":"https:\/\/www.communautedes3rivieres.fr\/"},{"@type":"ListItem","position":2,"name":"Fonctionnement"}]},{"@type":"WebSite","@id":"https:\/\/www.communautedes3rivieres.fr\/#website","url":"https:\/\/www.communautedes3rivieres.fr\/","name":"La Communaut\u00e9 des 3 Rivi\u00e8res","description":"Le site de la Communaut\u00e9","publisher":{"@id":"https:\/\/www.communautedes3rivieres.fr\/#organization"},"potentialAction":[{"@type":"SearchAction","target":{"@type":"EntryPoint","urlTemplate":"https:\/\/www.communautedes3rivieres.fr\/?s={search_term_string}"},"query-input":{"@type":"PropertyValueSpecification","valueRequired":true,"valueName":"search_term_string"}}],"inLanguage":"fr-FR"},{"@type":"Organization","@id":"https:\/\/www.communautedes3rivieres.fr\/#organization","name":"Communaut\u00e9 des 3 Rivi\u00e8res","url":"https:\/\/www.communautedes3rivieres.fr\/","logo":{"@type":"ImageObject","inLanguage":"fr-FR","@id":"https:\/\/www.communautedes3rivieres.fr\/#\/schema\/logo\/image\/","url":"https:\/\/www.communautedes3rivieres.fr\/wp-content\/uploads\/2021\/11\/cropped-logo300x211gros-3-1.png","contentUrl":"https:\/\/www.communautedes3rivieres.fr\/wp-content\/uploads\/2021\/11\/cropped-logo300x211gros-3-1.png","width":330,"height":187,"caption":"Communaut\u00e9 des 3 Rivi\u00e8res"},"image":{"@id":"https:\/\/www.communautedes3rivieres.fr\/#\/schema\/logo\/image\/"}}]}},"_links":{"self":[{"href":"https:\/\/www.communautedes3rivieres.fr\/index.php?rest_route=\/wp\/v2\/pages\/170","targetHints":{"allow":["GET"]}}],"collection":[{"href":"https:\/\/www.communautedes3rivieres.fr\/index.php?rest_route=\/wp\/v2\/pages"}],"about":[{"href":"https:\/\/www.communautedes3rivieres.fr\/index.php?rest_route=\/wp\/v2\/types\/page"}],"author":[{"embeddable":true,"href":"https:\/\/www.communautedes3rivieres.fr\/index.php?rest_route=\/wp\/v2\/users\/2"}],"replies":[{"embeddable":true,"href":"https:\/\/www.communautedes3rivieres.fr\/index.php?rest_route=%2Fwp%2Fv2%2Fcomments&post=170"}],"version-history":[{"count":22,"href":"https:\/\/www.communautedes3rivieres.fr\/index.php?rest_route=\/wp\/v2\/pages\/170\/revisions"}],"predecessor-version":[{"id":782,"href":"https:\/\/www.communautedes3rivieres.fr\/index.php?rest_route=\/wp\/v2\/pages\/170\/revisions\/782"}],"wp:attachment":[{"href":"https:\/\/www.communautedes3rivieres.fr\/index.php?rest_route=%2Fwp%2Fv2%2Fmedia&parent=170"}],"curies":[{"name":"wp","href":"https:\/\/api.w.org\/{rel}","templated":true}]}}